{"id":9943,"date":"2025-04-08T19:56:44","date_gmt":"2025-04-08T16:56:44","guid":{"rendered":"https:\/\/mksambalaj.com\/?page_id=9943"},"modified":"2025-04-08T20:13:05","modified_gmt":"2025-04-08T17:13:05","slug":"dogada-cozunen-compostable-posetler","status":"publish","type":"page","link":"https:\/\/www.mksambalaj.com\/de\/dogada-cozunen-compostable-posetler\/","title":{"rendered":"Kompostierbare Beutel"},"content":{"rendered":"<div class=\"wpb-content-wrapper\"><div class=\"vc_row wpb_row vc_row-fluid\"><div class=\"wpb_column vc_column_container vc_col-sm-12\"><div class=\"vc_column-inner\"><div class=\"wpb_wrapper\">\n\t\t<div id=\"wd-67f5576448b33\" class=\"title-wrapper wd-wpb set-mb-s reset-last-child  wd-rs-67f5576448b33 wd-title-color-default wd-title-style-default text-left  wd-underline-colored\">\n\t\t\t\n\t\t\t<div class=\"liner-continer\">\n\t\t\t\t<h4 class=\"woodmart-title-container title  wd-font-weight- wd-fontsize-l\" >Aus Verantwortung f\u00fcr die Zukunft entwickeln wir umweltfreundliche L\u00f6sungen.<\/h4>\n\t\t\t\t\t\t\t<\/div>\n\t\t\t\n\t\t\t\n\t\t\t\n\t\t<\/div>\n\t\t\n\t\t<\/div><\/div><\/div><\/div><div class=\"vc_row wpb_row vc_row-fluid\"><div class=\"wpb_column vc_column_container vc_col-sm-6 vc_col-has-fill wd-rs-67f55856b82c9\"><div class=\"vc_column-inner vc_custom_1744132200569\"><div class=\"wpb_wrapper\">\t\t\t<div class=\"info-box-wrapper\">\n\t\t\t\t<div id=\"wd-67f5587e5724c\" class=\"wd-rs-67f5587e5724c wd-info-box wd-wpb text-left box-icon-align-top box-style- color-scheme- wd-bg-none vc_custom_1744132245434\">\n\t\t\t\t\t\t\t\t\t\t<div class=\"info-box-content\">\n\t\t\t\t\t\t\t\t\t\t\t\t<div class=\"info-box-inner set-cont-mb-s reset-last-child\"><\/p>\n<p class=\"\" data-start=\"705\" data-end=\"984\">Als Mks Ambalaj leisten wir mit unserer Produktion kompostierbarer Taschen einen Beitrag zu einer nachhaltigen Welt. Diese speziellen Taschen aus pflanzlichen Rohstoffen werden nach Gebrauch unter geeigneten Bedingungen in die Natur recycelt und belasten die Umwelt nicht.<\/p>\n<p data-start=\"705\" data-end=\"984\">F\u00fcr Unternehmen, die sich der heutigen Umweltprobleme bewusst sind, sind umweltfreundliche Verpackungsl\u00f6sungen wichtiger denn je. Als Mks Ambalaj sch\u00fctzen wir unseren Planeten und tragen mit unseren umweltfreundlichen Produkten zum Wert von Marken bei.<\/p>\n<p>\n<\/div>\n\n\t\t\t\t\t\t\t\t\t\t\t<\/div>\n\n\t\t\t\t\t\n\t\t\t\t\t\t\t\t\t<\/div>\n\t\t\t<\/div>\n\t\t<\/div><\/div><\/div><div class=\"wpb_column vc_column_container vc_col-sm-6 vc_col-has-fill wd-rs-67f558f2e1fa7\"><div class=\"vc_column-inner vc_custom_1744132346249\"><div class=\"wpb_wrapper\">\t\t\t<div class=\"info-box-wrapper\">\n\t\t\t\t<div id=\"wd-67f558c79bf43\" class=\"wd-rs-67f558c79bf43 wd-info-box wd-wpb text-left box-icon-align-top box-style- color-scheme- wd-bg-none vc_custom_1744132302360\">\n\t\t\t\t\t\t\t\t\t\t<div class=\"info-box-content\">\n\t\t\t\t\t\t\t\t\t\t\t\t<div class=\"info-box-inner set-cont-mb-s reset-last-child\"><p><strong>Vorteile unserer biologisch abbaubaren Beutel:<\/strong><\/p>\n<p>100 % biologisch abbaubare Struktur<\/p>\n<p>Aufl\u00f6sung in 3-6 Monaten in industriellen Kompostierungsumgebungen<\/p>\n<p>Hinterl\u00e4sst kein Mikroplastik und gibt keine giftigen Substanzen in die Natur ab<\/p>\n<p>Ideal f\u00fcr Marken mit hohem Recycling- und Umweltbewusstsein<\/p>\n<p>&nbsp;<\/p>\n<p>\n<\/div>\n\n\t\t\t\t\t\t\t\t\t\t\t<\/div>\n\n\t\t\t\t\t\n\t\t\t\t\t\t\t\t\t<\/div>\n\t\t\t<\/div>\n\t\t<\/div><\/div><\/div><\/div><div class=\"vc_row wpb_row vc_row-fluid\"><div class=\"wpb_column vc_column_container vc_col-sm-12\"><div class=\"vc_column-inner\"><div class=\"wpb_wrapper\"><div class=\"vc_empty_space\"   style=\"height: 32px\"><span class=\"vc_empty_space_inner\"><\/span><\/div>\t\t\t<div class=\"wd-products-element wd-rs-67f5553662ef7 wd-wpb\">\n\t\t\t\n\t\t\n\t\t\t\t\t<div class=\"products wd-products  grid-columns-3 elements-grid wd-grid-g wd-stretch-cont-lg\" data-paged=\"1\" data-atts=\"{&quot;taxonomies&quot;:&quot;118&quot;,&quot;woodmart_css_id&quot;:&quot;67f5553662ef7&quot;}\" data-source=\"shortcode\" data-columns=\"3\" data-grid-gallery=\"\" style=\"--wd-col-lg:3;--wd-col-md:3;--wd-col-sm:2;--wd-gap-lg:20px;\">\n\t\t\t<div class=\"wd-product wd-hover-buttons-on-hover wd-col product-grid-item product type-product post-9924 status-publish instock product_cat-biodegradable product_cat-compostable product_cat-pe product_cat-pp has-post-thumbnail shipping-taxable product-type-external\" data-loop=\"1\" data-id=\"9924\">\n\t\n\t\n<div class=\"product-wrapper\">\n\t<div class=\"product-element-top wd-quick-shop\">\n\t\t<a href=\"https:\/\/www.mksambalaj.com\/de\/produkt\/atlet-posetler\/\" class=\"product-image-link\">\n\t\t\t<img loading=\"lazy\" decoding=\"async\" width=\"600\" height=\"686\" src=\"https:\/\/www.mksambalaj.com\/wp-content\/uploads\/2025\/04\/atlet-poset-2-600x686.webp\" class=\"attachment-woocommerce_thumbnail size-woocommerce_thumbnail\" alt=\"\" srcset=\"https:\/\/www.mksambalaj.com\/wp-content\/uploads\/2025\/04\/atlet-poset-2-600x686.webp 600w, https:\/\/www.mksambalaj.com\/wp-content\/uploads\/2025\/04\/atlet-poset-2-263x300.webp 263w, https:\/\/www.mksambalaj.com\/wp-content\/uploads\/2025\/04\/atlet-poset-2-11x12.webp 11w, https:\/\/www.mksambalaj.com\/wp-content\/uploads\/2025\/04\/atlet-poset-2-150x171.webp 150w, https:\/\/www.mksambalaj.com\/wp-content\/uploads\/2025\/04\/atlet-poset-2.webp 700w\" sizes=\"auto, (max-width: 600px) 100vw, 600px\" \/>\t\t<\/a>\n\n\t\t\n\t\t<div class=\"wd-buttons wd-pos-r-t\">\n\t\t\t\t\t<\/div>\n\t<\/div>\n\n\t<div class=\"product-element-bottom\">\n\n\t\t<div class=\"wd-product-header\">\n\t\t\t<h3 class=\"wd-entities-title\"><a href=\"https:\/\/www.mksambalaj.com\/de\/produkt\/atlet-posetler\/\">T-Shirt-Taschen<\/a><\/h3>\n\t\t\t\t\t<\/div>\n\n\t\t\n\t\t\t\t<div class=\"wd-product-cats\">\n\t\t\t<a href=\"https:\/\/www.mksambalaj.com\/de\/produkt-kategorie\/biodegradable\/\" rel=\"tag\">Biologisch abbaubar<\/a>, <a href=\"https:\/\/www.mksambalaj.com\/de\/produkt-kategorie\/compostable\/\" rel=\"tag\">Kompostierbar<\/a>, <a href=\"https:\/\/www.mksambalaj.com\/de\/produkt-kategorie\/pe\/\" rel=\"tag\">PE<\/a>, <a href=\"https:\/\/www.mksambalaj.com\/de\/produkt-kategorie\/pp\/\" rel=\"tag\">PP<\/a>\t\t<\/div>\n\t\t\n\t\t\n\t\t<div class=\"wrap-price\">\n\t\t\t\n\n\t\t\t\t\t<\/div>\n\n\t\t\n\t\t\n\t\t\n\t\t\n\t\t<div class=\"wd-product-footer\">\n\t\t\t<div class=\"wd-add-btn wd-add-btn-replace\">\n\t\t\t\t<a href=\"#link\" data-quantity=\"1\" class=\"button product_type_external add-to-cart-loop\" data-product_id=\"9924\" data-product_sku=\"MKS-FP-1-1-1-1\" aria-label=\"Anfrageformular\" rel=\"nofollow\"><span>Anfrageformular<\/span><\/a>\t\t\t<\/div>\n\n\t\t\t\t\t\t<div class=\"wd-action-buttons\">\n\t\t\t\t\t\t\t\t\t\t<div class=\"quick-view wd-action-btn wd-style-icon wd-quick-view-icon wd-tooltip\">\n\t\t\t<a\n\t\t\t\thref=\"https:\/\/www.mksambalaj.com\/de\/produkt\/atlet-posetler\/\"\n\t\t\t\tclass=\"open-quick-view quick-view-button\"\n\t\t\t\trel=\"nofollow\"\n\t\t\t\tdata-id=\"9924\"\n\t\t\t\t>Quick view<\/a>\n\t\t<\/div>\n\t\t\t\t\t<\/div>\n\t\t\t\t\t<\/div>\n\t<\/div>\n<\/div>\n<\/div>\n<div class=\"wd-product wd-hover-buttons-on-hover wd-col product-grid-item product type-product post-9915 status-publish instock product_cat-biodegradable product_cat-compostable product_cat-pe product_cat-pp has-post-thumbnail shipping-taxable product-type-external\" data-loop=\"2\" data-id=\"9915\">\n\t\n\t\n<div class=\"product-wrapper\">\n\t<div class=\"product-element-top wd-quick-shop\">\n\t\t<a href=\"https:\/\/www.mksambalaj.com\/de\/produkt\/el-gecme-posetleri\/\" class=\"product-image-link\">\n\t\t\t<img loading=\"lazy\" decoding=\"async\" width=\"600\" height=\"686\" src=\"https:\/\/www.mksambalaj.com\/wp-content\/uploads\/2025\/04\/el-gecmeli-posetler-600x686.webp\" class=\"attachment-woocommerce_thumbnail size-woocommerce_thumbnail\" alt=\"\" srcset=\"https:\/\/www.mksambalaj.com\/wp-content\/uploads\/2025\/04\/el-gecmeli-posetler-600x686.webp 600w, https:\/\/www.mksambalaj.com\/wp-content\/uploads\/2025\/04\/el-gecmeli-posetler-263x300.webp 263w, https:\/\/www.mksambalaj.com\/wp-content\/uploads\/2025\/04\/el-gecmeli-posetler-11x12.webp 11w, https:\/\/www.mksambalaj.com\/wp-content\/uploads\/2025\/04\/el-gecmeli-posetler-150x171.webp 150w, https:\/\/www.mksambalaj.com\/wp-content\/uploads\/2025\/04\/el-gecmeli-posetler.webp 700w\" sizes=\"auto, (max-width: 600px) 100vw, 600px\" \/>\t\t<\/a>\n\n\t\t\n\t\t<div class=\"wd-buttons wd-pos-r-t\">\n\t\t\t\t\t<\/div>\n\t<\/div>\n\n\t<div class=\"product-element-bottom\">\n\n\t\t<div class=\"wd-product-header\">\n\t\t\t<h3 class=\"wd-entities-title\"><a href=\"https:\/\/www.mksambalaj.com\/de\/produkt\/el-gecme-posetleri\/\">Handtaschen<\/a><\/h3>\n\t\t\t\t\t<\/div>\n\n\t\t\n\t\t\t\t<div class=\"wd-product-cats\">\n\t\t\t<a href=\"https:\/\/www.mksambalaj.com\/de\/produkt-kategorie\/biodegradable\/\" rel=\"tag\">Biologisch abbaubar<\/a>, <a href=\"https:\/\/www.mksambalaj.com\/de\/produkt-kategorie\/compostable\/\" rel=\"tag\">Kompostierbar<\/a>, <a href=\"https:\/\/www.mksambalaj.com\/de\/produkt-kategorie\/pe\/\" rel=\"tag\">PE<\/a>, <a href=\"https:\/\/www.mksambalaj.com\/de\/produkt-kategorie\/pp\/\" rel=\"tag\">PP<\/a>\t\t<\/div>\n\t\t\n\t\t\n\t\t<div class=\"wrap-price\">\n\t\t\t\n\n\t\t\t\t\t<\/div>\n\n\t\t\n\t\t\n\t\t\n\t\t\n\t\t<div class=\"wd-product-footer\">\n\t\t\t<div class=\"wd-add-btn wd-add-btn-replace\">\n\t\t\t\t<a href=\"#link\" data-quantity=\"1\" class=\"button product_type_external add-to-cart-loop\" data-product_id=\"9915\" data-product_sku=\"MKS-FP-1-1\" aria-label=\"Anfrageformular\" rel=\"nofollow\"><span>Anfrageformular<\/span><\/a>\t\t\t<\/div>\n\n\t\t\t\t\t\t<div class=\"wd-action-buttons\">\n\t\t\t\t\t\t\t\t\t\t<div class=\"quick-view wd-action-btn wd-style-icon wd-quick-view-icon wd-tooltip\">\n\t\t\t<a\n\t\t\t\thref=\"https:\/\/www.mksambalaj.com\/de\/produkt\/el-gecme-posetleri\/\"\n\t\t\t\tclass=\"open-quick-view quick-view-button\"\n\t\t\t\trel=\"nofollow\"\n\t\t\t\tdata-id=\"9915\"\n\t\t\t\t>Quick view<\/a>\n\t\t<\/div>\n\t\t\t\t\t<\/div>\n\t\t\t\t\t<\/div>\n\t<\/div>\n<\/div>\n<\/div>\n<div class=\"wd-product wd-hover-buttons-on-hover wd-col product-grid-item product type-product post-524 status-publish last instock product_cat-biodegradable product_cat-compostable product_cat-pe product_cat-pp has-post-thumbnail shipping-taxable product-type-external\" data-loop=\"3\" data-id=\"524\">\n\t\n\t\n<div class=\"product-wrapper\">\n\t<div class=\"product-element-top wd-quick-shop\">\n\t\t<a href=\"https:\/\/www.mksambalaj.com\/de\/produkt\/fermuarli-posetler\/\" class=\"product-image-link\">\n\t\t\t<img loading=\"lazy\" decoding=\"async\" width=\"600\" height=\"686\" src=\"https:\/\/www.mksambalaj.com\/wp-content\/uploads\/2024\/03\/kilitli_poset-600x686.webp\" class=\"attachment-woocommerce_thumbnail size-woocommerce_thumbnail\" alt=\"\" srcset=\"https:\/\/www.mksambalaj.com\/wp-content\/uploads\/2024\/03\/kilitli_poset-600x686.webp 600w, https:\/\/www.mksambalaj.com\/wp-content\/uploads\/2024\/03\/kilitli_poset-263x300.webp 263w, https:\/\/www.mksambalaj.com\/wp-content\/uploads\/2024\/03\/kilitli_poset-11x12.webp 11w, https:\/\/www.mksambalaj.com\/wp-content\/uploads\/2024\/03\/kilitli_poset-150x171.webp 150w, https:\/\/www.mksambalaj.com\/wp-content\/uploads\/2024\/03\/kilitli_poset.webp 700w\" sizes=\"auto, (max-width: 600px) 100vw, 600px\" \/>\t\t<\/a>\n\n\t\t\n\t\t<div class=\"wd-buttons wd-pos-r-t\">\n\t\t\t\t\t<\/div>\n\t<\/div>\n\n\t<div class=\"product-element-bottom\">\n\n\t\t<div class=\"wd-product-header\">\n\t\t\t<h3 class=\"wd-entities-title\"><a href=\"https:\/\/www.mksambalaj.com\/de\/produkt\/fermuarli-posetler\/\">Rei\u00dfverschlusstaschen<\/a><\/h3>\n\t\t\t\t\t<\/div>\n\n\t\t\n\t\t\t\t<div class=\"wd-product-cats\">\n\t\t\t<a href=\"https:\/\/www.mksambalaj.com\/de\/produkt-kategorie\/biodegradable\/\" rel=\"tag\">Biologisch abbaubar<\/a>, <a href=\"https:\/\/www.mksambalaj.com\/de\/produkt-kategorie\/compostable\/\" rel=\"tag\">Kompostierbar<\/a>, <a href=\"https:\/\/www.mksambalaj.com\/de\/produkt-kategorie\/pe\/\" rel=\"tag\">PE<\/a>, <a href=\"https:\/\/www.mksambalaj.com\/de\/produkt-kategorie\/pp\/\" rel=\"tag\">PP<\/a>\t\t<\/div>\n\t\t\n\t\t\n\t\t<div class=\"wrap-price\">\n\t\t\t\n\n\t\t\t\t\t<\/div>\n\n\t\t\n\t\t\n\t\t\n\t\t\n\t\t<div class=\"wd-product-footer\">\n\t\t\t<div class=\"wd-add-btn wd-add-btn-replace\">\n\t\t\t\t<a href=\"#link\" data-quantity=\"1\" class=\"button product_type_external add-to-cart-loop\" data-product_id=\"524\" data-product_sku=\"MKS-FP\" aria-label=\"Anfrageformular\" rel=\"nofollow\"><span>Anfrageformular<\/span><\/a>\t\t\t<\/div>\n\n\t\t\t\t\t\t<div class=\"wd-action-buttons\">\n\t\t\t\t\t\t\t\t\t\t<div class=\"quick-view wd-action-btn wd-style-icon wd-quick-view-icon wd-tooltip\">\n\t\t\t<a\n\t\t\t\thref=\"https:\/\/www.mksambalaj.com\/de\/produkt\/fermuarli-posetler\/\"\n\t\t\t\tclass=\"open-quick-view quick-view-button\"\n\t\t\t\trel=\"nofollow\"\n\t\t\t\tdata-id=\"524\"\n\t\t\t\t>Quick view<\/a>\n\t\t<\/div>\n\t\t\t\t\t<\/div>\n\t\t\t\t\t<\/div>\n\t<\/div>\n<\/div>\n<\/div>\n<div class=\"wd-product wd-hover-buttons-on-hover wd-col product-grid-item product type-product post-9910 status-publish first instock product_cat-biodegradable product_cat-compostable product_cat-pe product_cat-pp has-post-thumbnail shipping-taxable product-type-external\" data-loop=\"4\" data-id=\"9910\">\n\t\n\t\n<div class=\"product-wrapper\">\n\t<div class=\"product-element-top wd-quick-shop\">\n\t\t<a href=\"https:\/\/www.mksambalaj.com\/de\/produkt\/kilitli-posetler\/\" class=\"product-image-link\">\n\t\t\t<img loading=\"lazy\" decoding=\"async\" width=\"600\" height=\"686\" src=\"https:\/\/www.mksambalaj.com\/wp-content\/uploads\/2025\/04\/fermuarliposet-600x686.webp\" class=\"attachment-woocommerce_thumbnail size-woocommerce_thumbnail\" alt=\"\" srcset=\"https:\/\/www.mksambalaj.com\/wp-content\/uploads\/2025\/04\/fermuarliposet-600x686.webp 600w, https:\/\/www.mksambalaj.com\/wp-content\/uploads\/2025\/04\/fermuarliposet-263x300.webp 263w, https:\/\/www.mksambalaj.com\/wp-content\/uploads\/2025\/04\/fermuarliposet-11x12.webp 11w, https:\/\/www.mksambalaj.com\/wp-content\/uploads\/2025\/04\/fermuarliposet-150x171.webp 150w, https:\/\/www.mksambalaj.com\/wp-content\/uploads\/2025\/04\/fermuarliposet.webp 700w\" sizes=\"auto, (max-width: 600px) 100vw, 600px\" \/>\t\t<\/a>\n\n\t\t\n\t\t<div class=\"wd-buttons wd-pos-r-t\">\n\t\t\t\t\t<\/div>\n\t<\/div>\n\n\t<div class=\"product-element-bottom\">\n\n\t\t<div class=\"wd-product-header\">\n\t\t\t<h3 class=\"wd-entities-title\"><a href=\"https:\/\/www.mksambalaj.com\/de\/produkt\/kilitli-posetler\/\">Druckverschlussbeutel<\/a><\/h3>\n\t\t\t\t\t<\/div>\n\n\t\t\n\t\t\t\t<div class=\"wd-product-cats\">\n\t\t\t<a href=\"https:\/\/www.mksambalaj.com\/de\/produkt-kategorie\/biodegradable\/\" rel=\"tag\">Biologisch abbaubar<\/a>, <a href=\"https:\/\/www.mksambalaj.com\/de\/produkt-kategorie\/compostable\/\" rel=\"tag\">Kompostierbar<\/a>, <a href=\"https:\/\/www.mksambalaj.com\/de\/produkt-kategorie\/pe\/\" rel=\"tag\">PE<\/a>, <a href=\"https:\/\/www.mksambalaj.com\/de\/produkt-kategorie\/pp\/\" rel=\"tag\">PP<\/a>\t\t<\/div>\n\t\t\n\t\t\n\t\t<div class=\"wrap-price\">\n\t\t\t\n\n\t\t\t\t\t<\/div>\n\n\t\t\n\t\t\n\t\t\n\t\t\n\t\t<div class=\"wd-product-footer\">\n\t\t\t<div class=\"wd-add-btn wd-add-btn-replace\">\n\t\t\t\t<a href=\"#link\" data-quantity=\"1\" class=\"button product_type_external add-to-cart-loop\" data-product_id=\"9910\" data-product_sku=\"MKS-FP-1\" aria-label=\"Anfrageformular\" rel=\"nofollow\"><span>Anfrageformular<\/span><\/a>\t\t\t<\/div>\n\n\t\t\t\t\t\t<div class=\"wd-action-buttons\">\n\t\t\t\t\t\t\t\t\t\t<div class=\"quick-view wd-action-btn wd-style-icon wd-quick-view-icon wd-tooltip\">\n\t\t\t<a\n\t\t\t\thref=\"https:\/\/www.mksambalaj.com\/de\/produkt\/kilitli-posetler\/\"\n\t\t\t\tclass=\"open-quick-view quick-view-button\"\n\t\t\t\trel=\"nofollow\"\n\t\t\t\tdata-id=\"9910\"\n\t\t\t\t>Quick view<\/a>\n\t\t<\/div>\n\t\t\t\t\t<\/div>\n\t\t\t\t\t<\/div>\n\t<\/div>\n<\/div>\n<\/div>\n<div class=\"wd-product wd-hover-buttons-on-hover wd-col product-grid-item product type-product post-9921 status-publish instock product_cat-biodegradable product_cat-compostable product_cat-pe product_cat-pp has-post-thumbnail shipping-taxable product-type-external\" data-loop=\"5\" data-id=\"9921\">\n\t\n\t\n<div class=\"product-wrapper\">\n\t<div class=\"product-element-top wd-quick-shop\">\n\t\t<a href=\"https:\/\/www.mksambalaj.com\/de\/produkt\/kulplu-posetler\/\" class=\"product-image-link\">\n\t\t\t<img loading=\"lazy\" decoding=\"async\" width=\"600\" height=\"686\" src=\"https:\/\/www.mksambalaj.com\/wp-content\/uploads\/2025\/04\/kuilplu-posetler-600x686.webp\" class=\"attachment-woocommerce_thumbnail size-woocommerce_thumbnail\" alt=\"\" srcset=\"https:\/\/www.mksambalaj.com\/wp-content\/uploads\/2025\/04\/kuilplu-posetler-600x686.webp 600w, https:\/\/www.mksambalaj.com\/wp-content\/uploads\/2025\/04\/kuilplu-posetler-263x300.webp 263w, https:\/\/www.mksambalaj.com\/wp-content\/uploads\/2025\/04\/kuilplu-posetler-11x12.webp 11w, https:\/\/www.mksambalaj.com\/wp-content\/uploads\/2025\/04\/kuilplu-posetler-150x171.webp 150w, https:\/\/www.mksambalaj.com\/wp-content\/uploads\/2025\/04\/kuilplu-posetler.webp 700w\" sizes=\"auto, (max-width: 600px) 100vw, 600px\" \/>\t\t<\/a>\n\n\t\t\n\t\t<div class=\"wd-buttons wd-pos-r-t\">\n\t\t\t\t\t<\/div>\n\t<\/div>\n\n\t<div class=\"product-element-bottom\">\n\n\t\t<div class=\"wd-product-header\">\n\t\t\t<h3 class=\"wd-entities-title\"><a href=\"https:\/\/www.mksambalaj.com\/de\/produkt\/kulplu-posetler\/\">Tragetaschen<\/a><\/h3>\n\t\t\t\t\t<\/div>\n\n\t\t\n\t\t\t\t<div class=\"wd-product-cats\">\n\t\t\t<a href=\"https:\/\/www.mksambalaj.com\/de\/produkt-kategorie\/biodegradable\/\" rel=\"tag\">Biologisch abbaubar<\/a>, <a href=\"https:\/\/www.mksambalaj.com\/de\/produkt-kategorie\/compostable\/\" rel=\"tag\">Kompostierbar<\/a>, <a href=\"https:\/\/www.mksambalaj.com\/de\/produkt-kategorie\/pe\/\" rel=\"tag\">PE<\/a>, <a href=\"https:\/\/www.mksambalaj.com\/de\/produkt-kategorie\/pp\/\" rel=\"tag\">PP<\/a>\t\t<\/div>\n\t\t\n\t\t\n\t\t<div class=\"wrap-price\">\n\t\t\t\n\n\t\t\t\t\t<\/div>\n\n\t\t\n\t\t\n\t\t\n\t\t\n\t\t<div class=\"wd-product-footer\">\n\t\t\t<div class=\"wd-add-btn wd-add-btn-replace\">\n\t\t\t\t<a href=\"#link\" data-quantity=\"1\" class=\"button product_type_external add-to-cart-loop\" data-product_id=\"9921\" data-product_sku=\"MKS-FP-1-1-1\" aria-label=\"Anfrageformular\" rel=\"nofollow\"><span>Anfrageformular<\/span><\/a>\t\t\t<\/div>\n\n\t\t\t\t\t\t<div class=\"wd-action-buttons\">\n\t\t\t\t\t\t\t\t\t\t<div class=\"quick-view wd-action-btn wd-style-icon wd-quick-view-icon wd-tooltip\">\n\t\t\t<a\n\t\t\t\thref=\"https:\/\/www.mksambalaj.com\/de\/produkt\/kulplu-posetler\/\"\n\t\t\t\tclass=\"open-quick-view quick-view-button\"\n\t\t\t\trel=\"nofollow\"\n\t\t\t\tdata-id=\"9921\"\n\t\t\t\t>Quick view<\/a>\n\t\t<\/div>\n\t\t\t\t\t<\/div>\n\t\t\t\t\t<\/div>\n\t<\/div>\n<\/div>\n<\/div>\n<div class=\"wd-product wd-hover-buttons-on-hover wd-col product-grid-item product type-product post-9926 status-publish instock product_cat-biodegradable product_cat-compostable product_cat-pe product_cat-pp has-post-thumbnail shipping-taxable product-type-external\" data-loop=\"6\" data-id=\"9926\">\n\t\n\t\n<div class=\"product-wrapper\">\n\t<div class=\"product-element-top wd-quick-shop\">\n\t\t<a href=\"https:\/\/www.mksambalaj.com\/de\/produkt\/takviyeli-posetler\/\" class=\"product-image-link\">\n\t\t\t<img loading=\"lazy\" decoding=\"async\" width=\"600\" height=\"686\" src=\"https:\/\/www.mksambalaj.com\/wp-content\/uploads\/2025\/04\/takviyeli-poset-600x686.webp\" class=\"attachment-woocommerce_thumbnail size-woocommerce_thumbnail\" alt=\"Bio Bozunur (Bio-Degradable) Po\u015fetler\" srcset=\"https:\/\/www.mksambalaj.com\/wp-content\/uploads\/2025\/04\/takviyeli-poset-600x686.webp 600w, https:\/\/www.mksambalaj.com\/wp-content\/uploads\/2025\/04\/takviyeli-poset-263x300.webp 263w, https:\/\/www.mksambalaj.com\/wp-content\/uploads\/2025\/04\/takviyeli-poset-11x12.webp 11w, https:\/\/www.mksambalaj.com\/wp-content\/uploads\/2025\/04\/takviyeli-poset-150x171.webp 150w, https:\/\/www.mksambalaj.com\/wp-content\/uploads\/2025\/04\/takviyeli-poset.webp 700w\" sizes=\"auto, (max-width: 600px) 100vw, 600px\" \/>\t\t<\/a>\n\n\t\t\n\t\t<div class=\"wd-buttons wd-pos-r-t\">\n\t\t\t\t\t<\/div>\n\t<\/div>\n\n\t<div class=\"product-element-bottom\">\n\n\t\t<div class=\"wd-product-header\">\n\t\t\t<h3 class=\"wd-entities-title\"><a href=\"https:\/\/www.mksambalaj.com\/de\/produkt\/takviyeli-posetler\/\">Verst\u00e4rkte Taschen<\/a><\/h3>\n\t\t\t\t\t<\/div>\n\n\t\t\n\t\t\t\t<div class=\"wd-product-cats\">\n\t\t\t<a href=\"https:\/\/www.mksambalaj.com\/de\/produkt-kategorie\/biodegradable\/\" rel=\"tag\">Biologisch abbaubar<\/a>, <a href=\"https:\/\/www.mksambalaj.com\/de\/produkt-kategorie\/compostable\/\" rel=\"tag\">Kompostierbar<\/a>, <a href=\"https:\/\/www.mksambalaj.com\/de\/produkt-kategorie\/pe\/\" rel=\"tag\">PE<\/a>, <a href=\"https:\/\/www.mksambalaj.com\/de\/produkt-kategorie\/pp\/\" rel=\"tag\">PP<\/a>\t\t<\/div>\n\t\t\n\t\t\n\t\t<div class=\"wrap-price\">\n\t\t\t\n\n\t\t\t\t\t<\/div>\n\n\t\t\n\t\t\n\t\t\n\t\t\n\t\t<div class=\"wd-product-footer\">\n\t\t\t<div class=\"wd-add-btn wd-add-btn-replace\">\n\t\t\t\t<a href=\"#link\" data-quantity=\"1\" class=\"button product_type_external add-to-cart-loop\" data-product_id=\"9926\" data-product_sku=\"MKS-FP-1-1-1-1-1\" aria-label=\"Anfrageformular\" rel=\"nofollow\"><span>Anfrageformular<\/span><\/a>\t\t\t<\/div>\n\n\t\t\t\t\t\t<div class=\"wd-action-buttons\">\n\t\t\t\t\t\t\t\t\t\t<div class=\"quick-view wd-action-btn wd-style-icon wd-quick-view-icon wd-tooltip\">\n\t\t\t<a\n\t\t\t\thref=\"https:\/\/www.mksambalaj.com\/de\/produkt\/takviyeli-posetler\/\"\n\t\t\t\tclass=\"open-quick-view quick-view-button\"\n\t\t\t\trel=\"nofollow\"\n\t\t\t\tdata-id=\"9926\"\n\t\t\t\t>Quick view<\/a>\n\t\t<\/div>\n\t\t\t\t\t<\/div>\n\t\t\t\t\t<\/div>\n\t<\/div>\n<\/div>\n<\/div>\n\t\t\t<\/div>\n\t\t\t<\/div><\/div><\/div><\/div><\/div>\n<\/div>","protected":false},"excerpt":{"rendered":"","protected":false},"author":1,"featured_media":0,"parent":0,"menu_order":0,"comment_status":"closed","ping_status":"closed","template":"","meta":{"footnotes":""},"class_list":["post-9943","page","type-page","status-publish","hentry"],"_links":{"self":[{"href":"https:\/\/www.mksambalaj.com\/de\/wp-json\/wp\/v2\/pages\/9943","targetHints":{"allow":["GET"]}}],"collection":[{"href":"https:\/\/www.mksambalaj.com\/de\/wp-json\/wp\/v2\/pages"}],"about":[{"href":"https:\/\/www.mksambalaj.com\/de\/wp-json\/wp\/v2\/types\/page"}],"author":[{"embeddable":true,"href":"https:\/\/www.mksambalaj.com\/de\/wp-json\/wp\/v2\/users\/1"}],"replies":[{"embeddable":true,"href":"https:\/\/www.mksambalaj.com\/de\/wp-json\/wp\/v2\/comments?post=9943"}],"version-history":[{"count":12,"href":"https:\/\/www.mksambalaj.com\/de\/wp-json\/wp\/v2\/pages\/9943\/revisions"}],"predecessor-version":[{"id":9956,"href":"https:\/\/www.mksambalaj.com\/de\/wp-json\/wp\/v2\/pages\/9943\/revisions\/9956"}],"wp:attachment":[{"href":"https:\/\/www.mksambalaj.com\/de\/wp-json\/wp\/v2\/media?parent=9943"}],"curies":[{"name":"wp","href":"https:\/\/api.w.org\/{rel}","templated":true}]}}