{"id":9968,"date":"2025-04-08T20:35:29","date_gmt":"2025-04-08T17:35:29","guid":{"rendered":"https:\/\/mksambalaj.com\/?page_id=9968"},"modified":"2025-04-08T20:35:50","modified_gmt":"2025-04-08T17:35:50","slug":"oxo-bozunabilir-oxo-degradable-posetler","status":"publish","type":"page","link":"https:\/\/www.mksambalaj.com\/de\/oxo-bozunabilir-oxo-degradable-posetler\/","title":{"rendered":"Oxo-abbaubare Beutel"},"content":{"rendered":"<div class=\"wpb-content-wrapper\"><div class=\"vc_row wpb_row vc_row-fluid\"><div class=\"wpb_column vc_column_container vc_col-sm-12\"><div class=\"vc_column-inner\"><div class=\"wpb_wrapper\">\n\t\t<div id=\"wd-67f55e04079c7\" class=\"title-wrapper wd-wpb set-mb-s reset-last-child  wd-rs-67f55e04079c7 wd-title-color-default wd-title-style-default text-left  wd-underline-colored\">\n\t\t\t\n\t\t\t<div class=\"liner-continer\">\n\t\t\t\t<h4 class=\"woodmart-title-container title  wd-font-weight- wd-fontsize-l\" >Machen Sie einen Unterschied mit umweltfreundlichen Verpackungsl\u00f6sungen.<\/p>\n<p><\/h4>\n\t\t\t\t\t\t\t<\/div>\n\t\t\t\n\t\t\t\n\t\t\t\n\t\t<\/div>\n\t\t\n\t\t<\/div><\/div><\/div><\/div><div class=\"vc_row wpb_row vc_row-fluid\"><div class=\"wpb_column vc_column_container vc_col-sm-12\"><div class=\"vc_column-inner\"><div class=\"wpb_wrapper\">\t\t\t<div class=\"info-box-wrapper\">\n\t\t\t\t<div id=\"wd-67f55e1ae851b\" class=\"wd-rs-67f55e1ae851b wd-info-box wd-wpb text-left box-icon-align-top box-style- color-scheme- wd-bg-none vc_custom_1744133665526\">\n\t\t\t\t\t\t\t\t\t\t<div class=\"info-box-content\">\n\t\t\t\t\t\t\t\t\t\t\t\t<div class=\"info-box-inner set-cont-mb-s reset-last-child\"><\/p>\n<p class=\"\" data-start=\"301\" data-end=\"667\">Als Mks Ambalaj streben wir danach, die Umweltauswirkungen zu reduzieren und eine nachhaltige Zukunft aufzubauen. <strong data-start=\"398\" data-end=\"434\">oxo-abbaubar<\/strong> Wir produzieren Beutel. Dank der in diesen Spezialbeuteln enthaltenen Metallsalze zersetzen sie sich unter Umwelteinfl\u00fcssen (W\u00e4rme, Licht und Sauerstoff) und werden so leichter von Mikroorganismen aufgenommen.<\/p>\n<p>\n<\/div>\n\n\t\t\t\t\t\t\t\t\t\t\t<\/div>\n\n\t\t\t\t\t\n\t\t\t\t\t\t\t\t\t<\/div>\n\t\t\t<\/div>\n\t\t<\/div><\/div><\/div><div class=\"wpb_column vc_column_container vc_col-sm-6 vc_col-has-fill wd-rs-67f55856b82c9\"><div class=\"vc_column-inner vc_custom_1744132200569\"><div class=\"wpb_wrapper\">\t\t\t<div class=\"info-box-wrapper\">\n\t\t\t\t<div id=\"wd-67f55e3226930\" class=\"wd-rs-67f55e3226930 wd-info-box wd-wpb text-left box-icon-align-top box-style- color-scheme- wd-bg-none vc_custom_1744133710212\">\n\t\t\t\t\t\t\t\t\t\t<div class=\"info-box-content\">\n\t\t\t\t\t\t\t\t\t\t\t\t<div class=\"info-box-inner set-cont-mb-s reset-last-child\"><\/p>\n<p class=\"\" data-start=\"986\" data-end=\"1168\">Oxo-abbaubare Technologie, insbesondere <strong data-start=\"1021\" data-end=\"1064\">Unternehmen, denen die Umweltvertr\u00e4glichkeit am Herzen liegt<\/strong> Es bietet nicht nur eine nachhaltigere L\u00f6sung f\u00fcr Ihre Anforderungen, sondern erm\u00f6glicht Ihnen auch den sicheren Transport Ihrer Produkte.<\/p>\n<p class=\"\" data-start=\"1170\" data-end=\"1303\"><strong data-start=\"1170\" data-end=\"1244\">Sch\u00fctzen Sie Ihre Produkte und leisten Sie mit Mks Packaging einen Beitrag zum Schutz der Natur.<br \/>\n<\/strong><br data-start=\"1244\" data-end=\"1247\" \/><strong><u>Es gibt umweltfreundliche und zukunftssichere Verpackungsl\u00f6sungen.<\/u><\/strong><\/p>\n<p>\n<\/div>\n\n\t\t\t\t\t\t\t\t\t\t\t<\/div>\n\n\t\t\t\t\t\n\t\t\t\t\t\t\t\t\t<\/div>\n\t\t\t<\/div>\n\t\t<\/div><\/div><\/div><div class=\"wpb_column vc_column_container vc_col-sm-6 vc_col-has-fill wd-rs-67f558f2e1fa7\"><div class=\"vc_column-inner vc_custom_1744132346249\"><div class=\"wpb_wrapper\">\t\t\t<div class=\"info-box-wrapper\">\n\t\t\t\t<div id=\"wd-67f55e52668aa\" class=\"wd-rs-67f55e52668aa wd-info-box wd-wpb text-left box-icon-align-top box-style- color-scheme- wd-bg-none vc_custom_1744133724233\">\n\t\t\t\t\t\t\t\t\t\t<div class=\"info-box-content\">\n\t\t\t\t\t\t\t\t\t\t\t\t<div class=\"info-box-inner set-cont-mb-s reset-last-child\"><\/p>\n<p class=\"\" data-start=\"669\" data-end=\"724\"><strong data-start=\"669\" data-end=\"722\">Hervorragende Eigenschaften der abbaubaren Beutel von Oxo:<\/strong><\/p>\n<ul data-start=\"725\" data-end=\"984\">\n<li class=\"\" data-start=\"725\" data-end=\"781\">\n<p class=\"\" data-start=\"727\" data-end=\"781\">Zersetzt sich in k\u00fcrzerer Zeit als herk\u00f6mmliche Kunststoffe<\/p>\n<\/li>\n<li class=\"\" data-start=\"782\" data-end=\"851\">\n<p class=\"\" data-start=\"784\" data-end=\"851\">Durch die Reaktion mit Sonnenlicht und Sauerstoff zerf\u00e4llt es in Mikrofragmente.<\/p>\n<\/li>\n<li class=\"\" data-start=\"852\" data-end=\"913\">\n<p class=\"\" data-start=\"854\" data-end=\"913\">Hilft, die Auswirkungen auf Natur und Umwelt zu reduzieren<\/p>\n<\/li>\n<li class=\"\" data-start=\"914\" data-end=\"984\">\n<p class=\"\" data-start=\"916\" data-end=\"984\">Bietet eine praktische, wirtschaftliche und umweltfreundlichere Verpackungsalternative.<\/p>\n<\/li>\n<\/ul>\n<p>\n<\/div>\n\n\t\t\t\t\t\t\t\t\t\t\t<\/div>\n\n\t\t\t\t\t\n\t\t\t\t\t\t\t\t\t<\/div>\n\t\t\t<\/div>\n\t\t<\/div><\/div><\/div><\/div><div class=\"vc_row wpb_row vc_row-fluid\"><div class=\"wpb_column vc_column_container vc_col-sm-12\"><div class=\"vc_column-inner\"><div class=\"wpb_wrapper\"><div class=\"vc_empty_space\"   style=\"height: 32px\"><span class=\"vc_empty_space_inner\"><\/span><\/div>\t\t\t<div class=\"wd-products-element wd-rs-67f5553662ef7 wd-wpb\">\n\t\t\t\n\t\t\n\t\t\t\t\t<div class=\"products wd-products  grid-columns-3 elements-grid wd-grid-g wd-stretch-cont-lg\" data-paged=\"1\" data-atts=\"{&quot;taxonomies&quot;:&quot;118&quot;,&quot;woodmart_css_id&quot;:&quot;67f5553662ef7&quot;}\" data-source=\"shortcode\" data-columns=\"3\" data-grid-gallery=\"\" style=\"--wd-col-lg:3;--wd-col-md:3;--wd-col-sm:2;--wd-gap-lg:20px;\">\n\t\t\t<div class=\"wd-product wd-hover-buttons-on-hover wd-col product-grid-item product type-product post-9924 status-publish instock product_cat-biodegradable product_cat-compostable product_cat-pe product_cat-pp has-post-thumbnail shipping-taxable product-type-external\" data-loop=\"1\" data-id=\"9924\">\n\t\n\t\n<div class=\"product-wrapper\">\n\t<div class=\"product-element-top wd-quick-shop\">\n\t\t<a href=\"https:\/\/www.mksambalaj.com\/de\/produkt\/atlet-posetler\/\" class=\"product-image-link\">\n\t\t\t<img loading=\"lazy\" decoding=\"async\" width=\"600\" height=\"686\" src=\"https:\/\/www.mksambalaj.com\/wp-content\/uploads\/2025\/04\/atlet-poset-2-600x686.webp\" class=\"attachment-woocommerce_thumbnail size-woocommerce_thumbnail\" alt=\"\" srcset=\"https:\/\/www.mksambalaj.com\/wp-content\/uploads\/2025\/04\/atlet-poset-2-600x686.webp 600w, https:\/\/www.mksambalaj.com\/wp-content\/uploads\/2025\/04\/atlet-poset-2-263x300.webp 263w, https:\/\/www.mksambalaj.com\/wp-content\/uploads\/2025\/04\/atlet-poset-2-11x12.webp 11w, https:\/\/www.mksambalaj.com\/wp-content\/uploads\/2025\/04\/atlet-poset-2-150x171.webp 150w, https:\/\/www.mksambalaj.com\/wp-content\/uploads\/2025\/04\/atlet-poset-2.webp 700w\" sizes=\"auto, (max-width: 600px) 100vw, 600px\" \/>\t\t<\/a>\n\n\t\t\n\t\t<div class=\"wd-buttons wd-pos-r-t\">\n\t\t\t\t\t<\/div>\n\t<\/div>\n\n\t<div class=\"product-element-bottom\">\n\n\t\t<div class=\"wd-product-header\">\n\t\t\t<h3 class=\"wd-entities-title\"><a href=\"https:\/\/www.mksambalaj.com\/de\/produkt\/atlet-posetler\/\">T-Shirt-Taschen<\/a><\/h3>\n\t\t\t\t\t<\/div>\n\n\t\t\n\t\t\t\t<div class=\"wd-product-cats\">\n\t\t\t<a href=\"https:\/\/www.mksambalaj.com\/de\/produkt-kategorie\/biodegradable\/\" rel=\"tag\">Biologisch abbaubar<\/a>, <a href=\"https:\/\/www.mksambalaj.com\/de\/produkt-kategorie\/compostable\/\" rel=\"tag\">Kompostierbar<\/a>, <a href=\"https:\/\/www.mksambalaj.com\/de\/produkt-kategorie\/pe\/\" rel=\"tag\">PE<\/a>, <a href=\"https:\/\/www.mksambalaj.com\/de\/produkt-kategorie\/pp\/\" rel=\"tag\">PP<\/a>\t\t<\/div>\n\t\t\n\t\t\n\t\t<div class=\"wrap-price\">\n\t\t\t\n\n\t\t\t\t\t<\/div>\n\n\t\t\n\t\t\n\t\t\n\t\t\n\t\t<div class=\"wd-product-footer\">\n\t\t\t<div class=\"wd-add-btn wd-add-btn-replace\">\n\t\t\t\t<a href=\"#link\" data-quantity=\"1\" class=\"button product_type_external add-to-cart-loop\" data-product_id=\"9924\" data-product_sku=\"MKS-FP-1-1-1-1\" aria-label=\"Anfrageformular\" rel=\"nofollow\"><span>Anfrageformular<\/span><\/a>\t\t\t<\/div>\n\n\t\t\t\t\t\t<div class=\"wd-action-buttons\">\n\t\t\t\t\t\t\t\t\t\t<div class=\"quick-view wd-action-btn wd-style-icon wd-quick-view-icon wd-tooltip\">\n\t\t\t<a\n\t\t\t\thref=\"https:\/\/www.mksambalaj.com\/de\/produkt\/atlet-posetler\/\"\n\t\t\t\tclass=\"open-quick-view quick-view-button\"\n\t\t\t\trel=\"nofollow\"\n\t\t\t\tdata-id=\"9924\"\n\t\t\t\t>Quick view<\/a>\n\t\t<\/div>\n\t\t\t\t\t<\/div>\n\t\t\t\t\t<\/div>\n\t<\/div>\n<\/div>\n<\/div>\n<div class=\"wd-product wd-hover-buttons-on-hover wd-col product-grid-item product type-product post-9915 status-publish instock product_cat-biodegradable product_cat-compostable product_cat-pe product_cat-pp has-post-thumbnail shipping-taxable product-type-external\" data-loop=\"2\" data-id=\"9915\">\n\t\n\t\n<div class=\"product-wrapper\">\n\t<div class=\"product-element-top wd-quick-shop\">\n\t\t<a href=\"https:\/\/www.mksambalaj.com\/de\/produkt\/el-gecme-posetleri\/\" class=\"product-image-link\">\n\t\t\t<img loading=\"lazy\" decoding=\"async\" width=\"600\" height=\"686\" src=\"https:\/\/www.mksambalaj.com\/wp-content\/uploads\/2025\/04\/el-gecmeli-posetler-600x686.webp\" class=\"attachment-woocommerce_thumbnail size-woocommerce_thumbnail\" alt=\"\" srcset=\"https:\/\/www.mksambalaj.com\/wp-content\/uploads\/2025\/04\/el-gecmeli-posetler-600x686.webp 600w, https:\/\/www.mksambalaj.com\/wp-content\/uploads\/2025\/04\/el-gecmeli-posetler-263x300.webp 263w, https:\/\/www.mksambalaj.com\/wp-content\/uploads\/2025\/04\/el-gecmeli-posetler-11x12.webp 11w, https:\/\/www.mksambalaj.com\/wp-content\/uploads\/2025\/04\/el-gecmeli-posetler-150x171.webp 150w, https:\/\/www.mksambalaj.com\/wp-content\/uploads\/2025\/04\/el-gecmeli-posetler.webp 700w\" sizes=\"auto, (max-width: 600px) 100vw, 600px\" \/>\t\t<\/a>\n\n\t\t\n\t\t<div class=\"wd-buttons wd-pos-r-t\">\n\t\t\t\t\t<\/div>\n\t<\/div>\n\n\t<div class=\"product-element-bottom\">\n\n\t\t<div class=\"wd-product-header\">\n\t\t\t<h3 class=\"wd-entities-title\"><a href=\"https:\/\/www.mksambalaj.com\/de\/produkt\/el-gecme-posetleri\/\">Handtaschen<\/a><\/h3>\n\t\t\t\t\t<\/div>\n\n\t\t\n\t\t\t\t<div class=\"wd-product-cats\">\n\t\t\t<a href=\"https:\/\/www.mksambalaj.com\/de\/produkt-kategorie\/biodegradable\/\" rel=\"tag\">Biologisch abbaubar<\/a>, <a href=\"https:\/\/www.mksambalaj.com\/de\/produkt-kategorie\/compostable\/\" rel=\"tag\">Kompostierbar<\/a>, <a href=\"https:\/\/www.mksambalaj.com\/de\/produkt-kategorie\/pe\/\" rel=\"tag\">PE<\/a>, <a href=\"https:\/\/www.mksambalaj.com\/de\/produkt-kategorie\/pp\/\" rel=\"tag\">PP<\/a>\t\t<\/div>\n\t\t\n\t\t\n\t\t<div class=\"wrap-price\">\n\t\t\t\n\n\t\t\t\t\t<\/div>\n\n\t\t\n\t\t\n\t\t\n\t\t\n\t\t<div class=\"wd-product-footer\">\n\t\t\t<div class=\"wd-add-btn wd-add-btn-replace\">\n\t\t\t\t<a href=\"#link\" data-quantity=\"1\" class=\"button product_type_external add-to-cart-loop\" data-product_id=\"9915\" data-product_sku=\"MKS-FP-1-1\" aria-label=\"Anfrageformular\" rel=\"nofollow\"><span>Anfrageformular<\/span><\/a>\t\t\t<\/div>\n\n\t\t\t\t\t\t<div class=\"wd-action-buttons\">\n\t\t\t\t\t\t\t\t\t\t<div class=\"quick-view wd-action-btn wd-style-icon wd-quick-view-icon wd-tooltip\">\n\t\t\t<a\n\t\t\t\thref=\"https:\/\/www.mksambalaj.com\/de\/produkt\/el-gecme-posetleri\/\"\n\t\t\t\tclass=\"open-quick-view quick-view-button\"\n\t\t\t\trel=\"nofollow\"\n\t\t\t\tdata-id=\"9915\"\n\t\t\t\t>Quick view<\/a>\n\t\t<\/div>\n\t\t\t\t\t<\/div>\n\t\t\t\t\t<\/div>\n\t<\/div>\n<\/div>\n<\/div>\n<div class=\"wd-product wd-hover-buttons-on-hover wd-col product-grid-item product type-product post-524 status-publish last instock product_cat-biodegradable product_cat-compostable product_cat-pe product_cat-pp has-post-thumbnail shipping-taxable product-type-external\" data-loop=\"3\" data-id=\"524\">\n\t\n\t\n<div class=\"product-wrapper\">\n\t<div class=\"product-element-top wd-quick-shop\">\n\t\t<a href=\"https:\/\/www.mksambalaj.com\/de\/produkt\/fermuarli-posetler\/\" class=\"product-image-link\">\n\t\t\t<img loading=\"lazy\" decoding=\"async\" width=\"600\" height=\"686\" src=\"https:\/\/www.mksambalaj.com\/wp-content\/uploads\/2024\/03\/kilitli_poset-600x686.webp\" class=\"attachment-woocommerce_thumbnail size-woocommerce_thumbnail\" alt=\"\" srcset=\"https:\/\/www.mksambalaj.com\/wp-content\/uploads\/2024\/03\/kilitli_poset-600x686.webp 600w, https:\/\/www.mksambalaj.com\/wp-content\/uploads\/2024\/03\/kilitli_poset-263x300.webp 263w, https:\/\/www.mksambalaj.com\/wp-content\/uploads\/2024\/03\/kilitli_poset-11x12.webp 11w, https:\/\/www.mksambalaj.com\/wp-content\/uploads\/2024\/03\/kilitli_poset-150x171.webp 150w, https:\/\/www.mksambalaj.com\/wp-content\/uploads\/2024\/03\/kilitli_poset.webp 700w\" sizes=\"auto, (max-width: 600px) 100vw, 600px\" \/>\t\t<\/a>\n\n\t\t\n\t\t<div class=\"wd-buttons wd-pos-r-t\">\n\t\t\t\t\t<\/div>\n\t<\/div>\n\n\t<div class=\"product-element-bottom\">\n\n\t\t<div class=\"wd-product-header\">\n\t\t\t<h3 class=\"wd-entities-title\"><a href=\"https:\/\/www.mksambalaj.com\/de\/produkt\/fermuarli-posetler\/\">Rei\u00dfverschlusstaschen<\/a><\/h3>\n\t\t\t\t\t<\/div>\n\n\t\t\n\t\t\t\t<div class=\"wd-product-cats\">\n\t\t\t<a href=\"https:\/\/www.mksambalaj.com\/de\/produkt-kategorie\/biodegradable\/\" rel=\"tag\">Biologisch abbaubar<\/a>, <a href=\"https:\/\/www.mksambalaj.com\/de\/produkt-kategorie\/compostable\/\" rel=\"tag\">Kompostierbar<\/a>, <a href=\"https:\/\/www.mksambalaj.com\/de\/produkt-kategorie\/pe\/\" rel=\"tag\">PE<\/a>, <a href=\"https:\/\/www.mksambalaj.com\/de\/produkt-kategorie\/pp\/\" rel=\"tag\">PP<\/a>\t\t<\/div>\n\t\t\n\t\t\n\t\t<div class=\"wrap-price\">\n\t\t\t\n\n\t\t\t\t\t<\/div>\n\n\t\t\n\t\t\n\t\t\n\t\t\n\t\t<div class=\"wd-product-footer\">\n\t\t\t<div class=\"wd-add-btn wd-add-btn-replace\">\n\t\t\t\t<a href=\"#link\" data-quantity=\"1\" class=\"button product_type_external add-to-cart-loop\" data-product_id=\"524\" data-product_sku=\"MKS-FP\" aria-label=\"Anfrageformular\" rel=\"nofollow\"><span>Anfrageformular<\/span><\/a>\t\t\t<\/div>\n\n\t\t\t\t\t\t<div class=\"wd-action-buttons\">\n\t\t\t\t\t\t\t\t\t\t<div class=\"quick-view wd-action-btn wd-style-icon wd-quick-view-icon wd-tooltip\">\n\t\t\t<a\n\t\t\t\thref=\"https:\/\/www.mksambalaj.com\/de\/produkt\/fermuarli-posetler\/\"\n\t\t\t\tclass=\"open-quick-view quick-view-button\"\n\t\t\t\trel=\"nofollow\"\n\t\t\t\tdata-id=\"524\"\n\t\t\t\t>Quick view<\/a>\n\t\t<\/div>\n\t\t\t\t\t<\/div>\n\t\t\t\t\t<\/div>\n\t<\/div>\n<\/div>\n<\/div>\n<div class=\"wd-product wd-hover-buttons-on-hover wd-col product-grid-item product type-product post-9910 status-publish first instock product_cat-biodegradable product_cat-compostable product_cat-pe product_cat-pp has-post-thumbnail shipping-taxable product-type-external\" data-loop=\"4\" data-id=\"9910\">\n\t\n\t\n<div class=\"product-wrapper\">\n\t<div class=\"product-element-top wd-quick-shop\">\n\t\t<a href=\"https:\/\/www.mksambalaj.com\/de\/produkt\/kilitli-posetler\/\" class=\"product-image-link\">\n\t\t\t<img loading=\"lazy\" decoding=\"async\" width=\"600\" height=\"686\" src=\"https:\/\/www.mksambalaj.com\/wp-content\/uploads\/2025\/04\/fermuarliposet-600x686.webp\" class=\"attachment-woocommerce_thumbnail size-woocommerce_thumbnail\" alt=\"\" srcset=\"https:\/\/www.mksambalaj.com\/wp-content\/uploads\/2025\/04\/fermuarliposet-600x686.webp 600w, https:\/\/www.mksambalaj.com\/wp-content\/uploads\/2025\/04\/fermuarliposet-263x300.webp 263w, https:\/\/www.mksambalaj.com\/wp-content\/uploads\/2025\/04\/fermuarliposet-11x12.webp 11w, https:\/\/www.mksambalaj.com\/wp-content\/uploads\/2025\/04\/fermuarliposet-150x171.webp 150w, https:\/\/www.mksambalaj.com\/wp-content\/uploads\/2025\/04\/fermuarliposet.webp 700w\" sizes=\"auto, (max-width: 600px) 100vw, 600px\" \/>\t\t<\/a>\n\n\t\t\n\t\t<div class=\"wd-buttons wd-pos-r-t\">\n\t\t\t\t\t<\/div>\n\t<\/div>\n\n\t<div class=\"product-element-bottom\">\n\n\t\t<div class=\"wd-product-header\">\n\t\t\t<h3 class=\"wd-entities-title\"><a href=\"https:\/\/www.mksambalaj.com\/de\/produkt\/kilitli-posetler\/\">Druckverschlussbeutel<\/a><\/h3>\n\t\t\t\t\t<\/div>\n\n\t\t\n\t\t\t\t<div class=\"wd-product-cats\">\n\t\t\t<a href=\"https:\/\/www.mksambalaj.com\/de\/produkt-kategorie\/biodegradable\/\" rel=\"tag\">Biologisch abbaubar<\/a>, <a href=\"https:\/\/www.mksambalaj.com\/de\/produkt-kategorie\/compostable\/\" rel=\"tag\">Kompostierbar<\/a>, <a href=\"https:\/\/www.mksambalaj.com\/de\/produkt-kategorie\/pe\/\" rel=\"tag\">PE<\/a>, <a href=\"https:\/\/www.mksambalaj.com\/de\/produkt-kategorie\/pp\/\" rel=\"tag\">PP<\/a>\t\t<\/div>\n\t\t\n\t\t\n\t\t<div class=\"wrap-price\">\n\t\t\t\n\n\t\t\t\t\t<\/div>\n\n\t\t\n\t\t\n\t\t\n\t\t\n\t\t<div class=\"wd-product-footer\">\n\t\t\t<div class=\"wd-add-btn wd-add-btn-replace\">\n\t\t\t\t<a href=\"#link\" data-quantity=\"1\" class=\"button product_type_external add-to-cart-loop\" data-product_id=\"9910\" data-product_sku=\"MKS-FP-1\" aria-label=\"Anfrageformular\" rel=\"nofollow\"><span>Anfrageformular<\/span><\/a>\t\t\t<\/div>\n\n\t\t\t\t\t\t<div class=\"wd-action-buttons\">\n\t\t\t\t\t\t\t\t\t\t<div class=\"quick-view wd-action-btn wd-style-icon wd-quick-view-icon wd-tooltip\">\n\t\t\t<a\n\t\t\t\thref=\"https:\/\/www.mksambalaj.com\/de\/produkt\/kilitli-posetler\/\"\n\t\t\t\tclass=\"open-quick-view quick-view-button\"\n\t\t\t\trel=\"nofollow\"\n\t\t\t\tdata-id=\"9910\"\n\t\t\t\t>Quick view<\/a>\n\t\t<\/div>\n\t\t\t\t\t<\/div>\n\t\t\t\t\t<\/div>\n\t<\/div>\n<\/div>\n<\/div>\n<div class=\"wd-product wd-hover-buttons-on-hover wd-col product-grid-item product type-product post-9921 status-publish instock product_cat-biodegradable product_cat-compostable product_cat-pe product_cat-pp has-post-thumbnail shipping-taxable product-type-external\" data-loop=\"5\" data-id=\"9921\">\n\t\n\t\n<div class=\"product-wrapper\">\n\t<div class=\"product-element-top wd-quick-shop\">\n\t\t<a href=\"https:\/\/www.mksambalaj.com\/de\/produkt\/kulplu-posetler\/\" class=\"product-image-link\">\n\t\t\t<img loading=\"lazy\" decoding=\"async\" width=\"600\" height=\"686\" src=\"https:\/\/www.mksambalaj.com\/wp-content\/uploads\/2025\/04\/kuilplu-posetler-600x686.webp\" class=\"attachment-woocommerce_thumbnail size-woocommerce_thumbnail\" alt=\"\" srcset=\"https:\/\/www.mksambalaj.com\/wp-content\/uploads\/2025\/04\/kuilplu-posetler-600x686.webp 600w, https:\/\/www.mksambalaj.com\/wp-content\/uploads\/2025\/04\/kuilplu-posetler-263x300.webp 263w, https:\/\/www.mksambalaj.com\/wp-content\/uploads\/2025\/04\/kuilplu-posetler-11x12.webp 11w, https:\/\/www.mksambalaj.com\/wp-content\/uploads\/2025\/04\/kuilplu-posetler-150x171.webp 150w, https:\/\/www.mksambalaj.com\/wp-content\/uploads\/2025\/04\/kuilplu-posetler.webp 700w\" sizes=\"auto, (max-width: 600px) 100vw, 600px\" \/>\t\t<\/a>\n\n\t\t\n\t\t<div class=\"wd-buttons wd-pos-r-t\">\n\t\t\t\t\t<\/div>\n\t<\/div>\n\n\t<div class=\"product-element-bottom\">\n\n\t\t<div class=\"wd-product-header\">\n\t\t\t<h3 class=\"wd-entities-title\"><a href=\"https:\/\/www.mksambalaj.com\/de\/produkt\/kulplu-posetler\/\">Tragetaschen<\/a><\/h3>\n\t\t\t\t\t<\/div>\n\n\t\t\n\t\t\t\t<div class=\"wd-product-cats\">\n\t\t\t<a href=\"https:\/\/www.mksambalaj.com\/de\/produkt-kategorie\/biodegradable\/\" rel=\"tag\">Biologisch abbaubar<\/a>, <a href=\"https:\/\/www.mksambalaj.com\/de\/produkt-kategorie\/compostable\/\" rel=\"tag\">Kompostierbar<\/a>, <a href=\"https:\/\/www.mksambalaj.com\/de\/produkt-kategorie\/pe\/\" rel=\"tag\">PE<\/a>, <a href=\"https:\/\/www.mksambalaj.com\/de\/produkt-kategorie\/pp\/\" rel=\"tag\">PP<\/a>\t\t<\/div>\n\t\t\n\t\t\n\t\t<div class=\"wrap-price\">\n\t\t\t\n\n\t\t\t\t\t<\/div>\n\n\t\t\n\t\t\n\t\t\n\t\t\n\t\t<div class=\"wd-product-footer\">\n\t\t\t<div class=\"wd-add-btn wd-add-btn-replace\">\n\t\t\t\t<a href=\"#link\" data-quantity=\"1\" class=\"button product_type_external add-to-cart-loop\" data-product_id=\"9921\" data-product_sku=\"MKS-FP-1-1-1\" aria-label=\"Anfrageformular\" rel=\"nofollow\"><span>Anfrageformular<\/span><\/a>\t\t\t<\/div>\n\n\t\t\t\t\t\t<div class=\"wd-action-buttons\">\n\t\t\t\t\t\t\t\t\t\t<div class=\"quick-view wd-action-btn wd-style-icon wd-quick-view-icon wd-tooltip\">\n\t\t\t<a\n\t\t\t\thref=\"https:\/\/www.mksambalaj.com\/de\/produkt\/kulplu-posetler\/\"\n\t\t\t\tclass=\"open-quick-view quick-view-button\"\n\t\t\t\trel=\"nofollow\"\n\t\t\t\tdata-id=\"9921\"\n\t\t\t\t>Quick view<\/a>\n\t\t<\/div>\n\t\t\t\t\t<\/div>\n\t\t\t\t\t<\/div>\n\t<\/div>\n<\/div>\n<\/div>\n<div class=\"wd-product wd-hover-buttons-on-hover wd-col product-grid-item product type-product post-9926 status-publish instock product_cat-biodegradable product_cat-compostable product_cat-pe product_cat-pp has-post-thumbnail shipping-taxable product-type-external\" data-loop=\"6\" data-id=\"9926\">\n\t\n\t\n<div class=\"product-wrapper\">\n\t<div class=\"product-element-top wd-quick-shop\">\n\t\t<a href=\"https:\/\/www.mksambalaj.com\/de\/produkt\/takviyeli-posetler\/\" class=\"product-image-link\">\n\t\t\t<img loading=\"lazy\" decoding=\"async\" width=\"600\" height=\"686\" src=\"https:\/\/www.mksambalaj.com\/wp-content\/uploads\/2025\/04\/takviyeli-poset-600x686.webp\" class=\"attachment-woocommerce_thumbnail size-woocommerce_thumbnail\" alt=\"Bio Bozunur (Bio-Degradable) Po\u015fetler\" srcset=\"https:\/\/www.mksambalaj.com\/wp-content\/uploads\/2025\/04\/takviyeli-poset-600x686.webp 600w, https:\/\/www.mksambalaj.com\/wp-content\/uploads\/2025\/04\/takviyeli-poset-263x300.webp 263w, https:\/\/www.mksambalaj.com\/wp-content\/uploads\/2025\/04\/takviyeli-poset-11x12.webp 11w, https:\/\/www.mksambalaj.com\/wp-content\/uploads\/2025\/04\/takviyeli-poset-150x171.webp 150w, https:\/\/www.mksambalaj.com\/wp-content\/uploads\/2025\/04\/takviyeli-poset.webp 700w\" sizes=\"auto, (max-width: 600px) 100vw, 600px\" \/>\t\t<\/a>\n\n\t\t\n\t\t<div class=\"wd-buttons wd-pos-r-t\">\n\t\t\t\t\t<\/div>\n\t<\/div>\n\n\t<div class=\"product-element-bottom\">\n\n\t\t<div class=\"wd-product-header\">\n\t\t\t<h3 class=\"wd-entities-title\"><a href=\"https:\/\/www.mksambalaj.com\/de\/produkt\/takviyeli-posetler\/\">Verst\u00e4rkte Taschen<\/a><\/h3>\n\t\t\t\t\t<\/div>\n\n\t\t\n\t\t\t\t<div class=\"wd-product-cats\">\n\t\t\t<a href=\"https:\/\/www.mksambalaj.com\/de\/produkt-kategorie\/biodegradable\/\" rel=\"tag\">Biologisch abbaubar<\/a>, <a href=\"https:\/\/www.mksambalaj.com\/de\/produkt-kategorie\/compostable\/\" rel=\"tag\">Kompostierbar<\/a>, <a href=\"https:\/\/www.mksambalaj.com\/de\/produkt-kategorie\/pe\/\" rel=\"tag\">PE<\/a>, <a href=\"https:\/\/www.mksambalaj.com\/de\/produkt-kategorie\/pp\/\" rel=\"tag\">PP<\/a>\t\t<\/div>\n\t\t\n\t\t\n\t\t<div class=\"wrap-price\">\n\t\t\t\n\n\t\t\t\t\t<\/div>\n\n\t\t\n\t\t\n\t\t\n\t\t\n\t\t<div class=\"wd-product-footer\">\n\t\t\t<div class=\"wd-add-btn wd-add-btn-replace\">\n\t\t\t\t<a href=\"#link\" data-quantity=\"1\" class=\"button product_type_external add-to-cart-loop\" data-product_id=\"9926\" data-product_sku=\"MKS-FP-1-1-1-1-1\" aria-label=\"Anfrageformular\" rel=\"nofollow\"><span>Anfrageformular<\/span><\/a>\t\t\t<\/div>\n\n\t\t\t\t\t\t<div class=\"wd-action-buttons\">\n\t\t\t\t\t\t\t\t\t\t<div class=\"quick-view wd-action-btn wd-style-icon wd-quick-view-icon wd-tooltip\">\n\t\t\t<a\n\t\t\t\thref=\"https:\/\/www.mksambalaj.com\/de\/produkt\/takviyeli-posetler\/\"\n\t\t\t\tclass=\"open-quick-view quick-view-button\"\n\t\t\t\trel=\"nofollow\"\n\t\t\t\tdata-id=\"9926\"\n\t\t\t\t>Quick view<\/a>\n\t\t<\/div>\n\t\t\t\t\t<\/div>\n\t\t\t\t\t<\/div>\n\t<\/div>\n<\/div>\n<\/div>\n\t\t\t<\/div>\n\t\t\t<\/div><\/div><\/div><\/div><\/div>\n<\/div>","protected":false},"excerpt":{"rendered":"","protected":false},"author":1,"featured_media":0,"parent":0,"menu_order":0,"comment_status":"closed","ping_status":"closed","template":"","meta":{"footnotes":""},"class_list":["post-9968","page","type-page","status-publish","hentry"],"_links":{"self":[{"href":"https:\/\/www.mksambalaj.com\/de\/wp-json\/wp\/v2\/pages\/9968","targetHints":{"allow":["GET"]}}],"collection":[{"href":"https:\/\/www.mksambalaj.com\/de\/wp-json\/wp\/v2\/pages"}],"about":[{"href":"https:\/\/www.mksambalaj.com\/de\/wp-json\/wp\/v2\/types\/page"}],"author":[{"embeddable":true,"href":"https:\/\/www.mksambalaj.com\/de\/wp-json\/wp\/v2\/users\/1"}],"replies":[{"embeddable":true,"href":"https:\/\/www.mksambalaj.com\/de\/wp-json\/wp\/v2\/comments?post=9968"}],"version-history":[{"count":1,"href":"https:\/\/www.mksambalaj.com\/de\/wp-json\/wp\/v2\/pages\/9968\/revisions"}],"predecessor-version":[{"id":9969,"href":"https:\/\/www.mksambalaj.com\/de\/wp-json\/wp\/v2\/pages\/9968\/revisions\/9969"}],"wp:attachment":[{"href":"https:\/\/www.mksambalaj.com\/de\/wp-json\/wp\/v2\/media?parent=9968"}],"curies":[{"name":"wp","href":"https:\/\/api.w.org\/{rel}","templated":true}]}}