{"id":9926,"date":"2025-04-08T11:52:35","date_gmt":"2025-04-08T08:52:35","guid":{"rendered":"https:\/\/mksambalaj.com\/?post_type=product&#038;p=9926"},"modified":"2025-04-08T12:25:19","modified_gmt":"2025-04-08T09:25:19","slug":"takviyeli-posetler","status":"publish","type":"product","link":"https:\/\/www.mksambalaj.com\/de\/produkt\/takviyeli-posetler\/","title":{"rendered":"Verst\u00e4rkte Taschen"},"content":{"rendered":"","protected":false},"excerpt":{"rendered":"<table border=\"0\">\n<tbody>\n<tr>\n<td>Material<\/td>\n<td>: PE, PP, Biodegradable, Compostable<\/td>\n<\/tr>\n<tr>\n<td>Unterdr\u00fcckung<\/td>\n<td>: Der Druck kann im Flexodruck mit bis zu 8 Farben erfolgen.<\/td>\n<\/tr>\n<tr>\n<td>Ma\u00dfe<\/td>\n<td>: Kann nach Kundenwunsch, Material und Formma\u00dfen hergestellt werden.<\/td>\n<\/tr>\n<tr>\n<td>Mindestbestellwert<\/td>\n<td>: Die Gr\u00f6\u00dfe kann je nach Material und Dicke variieren.<\/td>\n<\/tr>\n<\/tbody>\n<\/table>\n<p><strong>\u00dcber die Schaltfl\u00e4che unten k\u00f6nnen Sie Ihre Bestellung oder Preisanfrage absenden.<\/strong><\/p>","protected":false},"featured_media":9925,"comment_status":"open","ping_status":"closed","template":"","meta":[],"product_brand":[],"product_cat":[117,118,115,116],"product_tag":[],"class_list":{"0":"post-9926","1":"product","2":"type-product","3":"status-publish","4":"has-post-thumbnail","6":"product_cat-biodegradable","7":"product_cat-compostable","8":"product_cat-pe","9":"product_cat-pp","11":"first","12":"instock","13":"shipping-taxable","14":"product-type-external"},"_links":{"self":[{"href":"https:\/\/www.mksambalaj.com\/de\/wp-json\/wp\/v2\/product\/9926","targetHints":{"allow":["GET"]}}],"collection":[{"href":"https:\/\/www.mksambalaj.com\/de\/wp-json\/wp\/v2\/product"}],"about":[{"href":"https:\/\/www.mksambalaj.com\/de\/wp-json\/wp\/v2\/types\/product"}],"replies":[{"embeddable":true,"href":"https:\/\/www.mksambalaj.com\/de\/wp-json\/wp\/v2\/comments?post=9926"}],"wp:featuredmedia":[{"embeddable":true,"href":"https:\/\/www.mksambalaj.com\/de\/wp-json\/wp\/v2\/media\/9925"}],"wp:attachment":[{"href":"https:\/\/www.mksambalaj.com\/de\/wp-json\/wp\/v2\/media?parent=9926"}],"wp:term":[{"taxonomy":"product_brand","embeddable":true,"href":"https:\/\/www.mksambalaj.com\/de\/wp-json\/wp\/v2\/product_brand?post=9926"},{"taxonomy":"product_cat","embeddable":true,"href":"https:\/\/www.mksambalaj.com\/de\/wp-json\/wp\/v2\/product_cat?post=9926"},{"taxonomy":"product_tag","embeddable":true,"href":"https:\/\/www.mksambalaj.com\/de\/wp-json\/wp\/v2\/product_tag?post=9926"}],"curies":[{"name":"wp","href":"https:\/\/api.w.org\/{rel}","templated":true}]}}