{"id":21,"date":"2024-03-27T13:18:32","date_gmt":"2024-03-27T13:18:32","guid":{"rendered":"https:\/\/dummy.xtemos.com\/woodmart2\/pills\/?page_id=21"},"modified":"2025-04-08T20:18:33","modified_gmt":"2025-04-08T17:18:33","slug":"hakkimizda","status":"publish","type":"page","link":"https:\/\/www.mksambalaj.com\/en\/hakkimizda\/","title":{"rendered":"About"},"content":{"rendered":"<div class=\"wpb-content-wrapper\"><div class=\"vc_row wpb_row vc_row-fluid vc_custom_1710334882481 vc_row-o-content-middle vc_row-flex wd-rs-65f1a39e928ce\"><div class=\"wpb_column vc_column_container vc_col-sm-6 wd-rs-64f1cc3c3533a\"><div class=\"vc_column-inner vc_custom_1693568064318\"><div class=\"wpb_wrapper\">\n\t\t<div id=\"wd-67f548132895c\" class=\"title-wrapper wd-wpb set-mb-s reset-last-child  wd-rs-67f548132895c wd-title-color-default wd-title-style-default text-left vc_custom_1744128033208 wd-underline-colored\">\n\t\t\t\n\t\t\t<div class=\"liner-continer\">\n\t\t\t\t<h4 class=\"woodmart-title-container title  wd-font-weight- wd-fontsize-l\" >Every Product Meets <u>the Packaging<\/u> It Deserves.<\/h4>\n\t\t\t\t\t\t\t<\/div>\n\t\t\t\n\t\t\t\n\t\t\t\n\t\t<\/div>\n\t\t\n\t\t<\/div><\/div><\/div><div class=\"wpb_column vc_column_container vc_col-sm-6 wd-rs-65f055a2661e5\"><div class=\"vc_column-inner vc_custom_1710249380603\"><div class=\"wpb_wrapper\">\t\t<div id=\"wd-67f5483a0ce93\" class=\"wd-text-block wd-wpb reset-last-child wd-rs-67f5483a0ce93 text-left vc_custom_1744128064560\">\n\t\t\t<p class=\"\" data-start=\"183\" data-end=\"677\">As Mks Ambalaj, with our experience in the sector and our innovative approach, we adopt an approach that prioritizes quality in bag and packaging production. With our modern production facility, environmentally friendly technologies and service approach focused on customer satisfaction; we offer special solutions for food, textile, retail and many other sectors. With our ever-growing product range and flexible production capacity, we develop aesthetic and durable packaging solutions specific to the needs of brands.<\/p>\n\t\t<\/div>\n\t\t<\/div><\/div><\/div><\/div><div class=\"vc_row wpb_row vc_row-fluid vc_custom_1711455017831 vc_row-has-fill wd-rs-6602bade47935 wd-section-stretch\"><div class=\"wpb_column vc_column_container vc_col-sm-12 wd-rs-64f1cd595c489\"><div class=\"vc_column-inner vc_custom_1693568353104\"><div class=\"wpb_wrapper\">\n\t\t<div id=\"wd-67f5538436e58\" class=\"title-wrapper wd-wpb set-mb-s reset-last-child  wd-rs-67f5538436e58 wd-title-color-default wd-title-style-default text-center  wd-width-custom wd-underline-colored\">\n\t\t\t\n\t\t\t<div class=\"liner-continer\">\n\t\t\t\t<h4 class=\"woodmart-title-container title  wd-font-weight- wd-fontsize-l\" >Our Company Values<\/h4>\n\t\t\t\t\t\t\t<\/div>\n\t\t\t\n\t\t\t\t\t\t\t<div class=\"title-after_title  set-cont-mb-s reset-last-child  wd-fontsize-xs\">We develop both aesthetic and functional products without compromising quality standards in our production processes. We produce solutions that increase the value of brands by responding to bag and packaging needs in many sectors, especially food, textile, retail and industry.<\/div>\n\t\t\t\n\t\t\t\n\t\t<\/div>\n\t\t\n\t\t<div class=\"vc_row wpb_row vc_inner vc_row-fluid vc_custom_1693568740799 wd-rs-64f1cedd0db26\"><div class=\"wpb_column vc_column_container vc_col-sm-6 wd-rs-64f1cdd9476e1\"><div class=\"vc_column-inner vc_custom_1693568476920\"><div class=\"wpb_wrapper\">\t\t\t<div class=\"info-box-wrapper\">\n\t\t\t\t<div id=\"wd-67f553b860bc9\" class=\"wd-rs-67f553b860bc9 wd-info-box wd-wpb text-left box-icon-align-top box-style- color-scheme- wd-bg-none vc_custom_1744131009208\">\n\t\t\t\t\t\t\t\t\t\t<div class=\"info-box-content\">\n\t\t\t\t\t\t<h4 class=\"info-box-title title box-title-style-default wd-fontsize-xl\">Our Mission<\/h4>\t\t\t\t\t\t<div class=\"info-box-inner set-cont-mb-s reset-last-child\"><\/p>\n<p class=\"\" data-start=\"705\" data-end=\"984\">To be a reliable and preferred brand in our sector by offering our customers high-quality, environmentally friendly and economical packaging solutions. To improve our production processes through continuous development and innovation, and to create sustainable value for our employees, business partners and the environment.<\/p>\n<p>\n<\/div>\n\n\t\t\t\t\t\t\t\t\t\t\t<\/div>\n\n\t\t\t\t\t\n\t\t\t\t\t\t\t\t\t<\/div>\n\t\t\t<\/div>\n\t\t<\/div><\/div><\/div><div class=\"wpb_column vc_column_container vc_col-sm-6 wd-rs-64f1cdcc10e5f\"><div class=\"vc_column-inner vc_custom_1693568471956\"><div class=\"wpb_wrapper\">\t\t\t<div class=\"info-box-wrapper\">\n\t\t\t\t<div id=\"wd-67f553c49462d\" class=\"wd-rs-67f553c49462d wd-info-box wd-wpb text-left box-icon-align-top box-style- color-scheme- wd-bg-none vc_custom_1744131025173\">\n\t\t\t\t\t\t\t\t\t\t<div class=\"info-box-content\">\n\t\t\t\t\t\t<h4 class=\"info-box-title title box-title-style-default wd-fontsize-xl\">Our Vision<\/h4>\t\t\t\t\t\t<div class=\"info-box-inner set-cont-mb-s reset-last-child\"><\/p>\n<p class=\"\" data-start=\"1012\" data-end=\"1269\">As an innovative, environmentally friendly and leading brand in the packaging sector, to offer highly competitive solutions both in the domestic and international markets. To become a world brand that makes a difference in our sector by bringing together design, technology and quality.<\/p>\n<p>\n<\/div>\n\n\t\t\t\t\t\t\t\t\t\t\t<\/div>\n\n\t\t\t\t\t\n\t\t\t\t\t\t\t\t\t<\/div>\n\t\t\t<\/div>\n\t\t<\/div><\/div><\/div><\/div><\/div><\/div><\/div><\/div>\n<\/div>","protected":false},"excerpt":{"rendered":"Her \u00dcr\u00fcn Hak Etti\u011fi Ambalajla Bulu\u015fur. Mks Ambalaj olarak, sekt\u00f6rdeki deneyimimiz ve yenilik\u00e7i yakla\u015f\u0131m\u0131m\u0131zla po\u015fet ve ambalaj \u00fcretiminde kaliteyi \u00f6n","protected":false},"author":1,"featured_media":0,"parent":0,"menu_order":0,"comment_status":"closed","ping_status":"closed","template":"","meta":{"footnotes":""},"class_list":["post-21","page","type-page","status-publish","hentry"],"_links":{"self":[{"href":"https:\/\/www.mksambalaj.com\/en\/wp-json\/wp\/v2\/pages\/21","targetHints":{"allow":["GET"]}}],"collection":[{"href":"https:\/\/www.mksambalaj.com\/en\/wp-json\/wp\/v2\/pages"}],"about":[{"href":"https:\/\/www.mksambalaj.com\/en\/wp-json\/wp\/v2\/types\/page"}],"author":[{"embeddable":true,"href":"https:\/\/www.mksambalaj.com\/en\/wp-json\/wp\/v2\/users\/1"}],"replies":[{"embeddable":true,"href":"https:\/\/www.mksambalaj.com\/en\/wp-json\/wp\/v2\/comments?post=21"}],"version-history":[{"count":6,"href":"https:\/\/www.mksambalaj.com\/en\/wp-json\/wp\/v2\/pages\/21\/revisions"}],"predecessor-version":[{"id":9958,"href":"https:\/\/www.mksambalaj.com\/en\/wp-json\/wp\/v2\/pages\/21\/revisions\/9958"}],"wp:attachment":[{"href":"https:\/\/www.mksambalaj.com\/en\/wp-json\/wp\/v2\/media?parent=21"}],"curies":[{"name":"wp","href":"https:\/\/api.w.org\/{rel}","templated":true}]}}