{"id":9957,"date":"2025-04-08T20:20:05","date_gmt":"2025-04-08T17:20:05","guid":{"rendered":"https:\/\/mksambalaj.com\/?page_id=9957"},"modified":"2025-04-24T10:46:20","modified_gmt":"2025-04-24T07:46:20","slug":"bio-bozunur-bio-degradable-posetler","status":"publish","type":"page","link":"https:\/\/www.mksambalaj.com\/en\/bio-bozunur-bio-degradable-posetler\/","title":{"rendered":"Bio-Degradable Bags"},"content":{"rendered":"<div class=\"wpb-content-wrapper\"><div class=\"vc_row wpb_row vc_row-fluid\"><div class=\"wpb_column vc_column_container vc_col-sm-12\"><div class=\"vc_column-inner\"><div class=\"wpb_wrapper\">\n\t\t<div id=\"wd-6809ec2a1fa98\" class=\"title-wrapper wd-wpb set-mb-s reset-last-child  wd-rs-6809ec2a1fa98 wd-title-color-default wd-title-style-default text-left  wd-underline-colored\">\n\t\t\t\n\t\t\t<div class=\"liner-continer\">\n\t\t\t\t<h4 class=\"woodmart-title-container title  wd-font-weight- wd-fontsize-l\" >Biodegradable Bags We shape the future of packaging with environmentally friendly solutions.<\/h4>\n\t\t\t\t\t\t\t<\/div>\n\t\t\t\n\t\t\t\n\t\t\t\n\t\t<\/div>\n\t\t\n\t\t<\/div><\/div><\/div><\/div><div class=\"vc_row wpb_row vc_row-fluid\"><div class=\"wpb_column vc_column_container vc_col-sm-12\"><div class=\"vc_column-inner\"><div class=\"wpb_wrapper\">\t\t\t<div class=\"info-box-wrapper\">\n\t\t\t\t<div id=\"wd-67f55b2ca54a6\" class=\"wd-rs-67f55b2ca54a6 wd-info-box wd-wpb text-left box-icon-align-top box-style- color-scheme- wd-bg-none vc_custom_1744132923245\">\n\t\t\t\t\t\t\t\t\t\t<div class=\"info-box-content\">\n\t\t\t\t\t\t\t\t\t\t\t\t<div class=\"info-box-inner set-cont-mb-s reset-last-child\"><\/p>\n<p class=\"\" data-start=\"898\" data-end=\"1168\">Our biodegradable bags are part of a responsible production and consumption approach, especially for brands that are environmentally conscious <strong data-start=\"970\" data-end=\"999\">Thanks to these solutions that reduce waste generation<\/strong> and are compatible with nature, the environment is protected and brands fulfill their responsibilities towards society.<\/p>\n<p>\n<\/div>\n\n\t\t\t\t\t\t\t\t\t\t\t<\/div>\n\n\t\t\t\t\t\n\t\t\t\t\t\t\t\t\t<\/div>\n\t\t\t<\/div>\n\t\t<\/div><\/div><\/div><div class=\"wpb_column vc_column_container vc_col-sm-6 vc_col-has-fill wd-rs-67f55856b82c9\"><div class=\"vc_column-inner vc_custom_1744132200569\"><div class=\"wpb_wrapper\">\t\t\t<div class=\"info-box-wrapper\">\n\t\t\t\t<div id=\"wd-6809eb3d6a621\" class=\"wd-rs-6809eb3d6a621 wd-info-box wd-wpb text-left box-icon-align-top box-style- color-scheme- wd-bg-none vc_custom_1745480518076\">\n\t\t\t\t\t\t\t\t\t\t<div class=\"info-box-content\">\n\t\t\t\t\t\t\t\t\t\t\t\t<div class=\"info-box-inner set-cont-mb-s reset-last-child\"><\/p>\n<p class=\"\" data-start=\"301\" data-end=\"599\"><a href=\"https:\/\/www.google.com\/search?q=mks+ambalaj&amp;sca_esv=07eb3e101ba9f47f&amp;rlz=1C5CHFA_enTR1019TR1019&amp;sxsrf=AHTn8zon7B-oswXFw3rjTwGEbqWIMxkcyg%3A1745480483988&amp;ei=I-sJaN2LPLaoxc8P6L700AI&amp;oq=mks+&amp;gs_lp=Egxnd3Mtd2l6LXNlcnAiBG1rcyAqAggAMgoQIxiABBgnGIoFMgQQIxgnMgQQIxgnMgsQLhiABBjHARivATILEC4YgAQYxwEYrwEyBRAAGIAEMgUQABiABDIFEAAYgAQyEBAuGIAEGNEDGEMYxwEYigUyBRAAGIAESIQXUIUHWMILcAN4AZABAJgBf6AB3AOqAQMwLjS4AQPIAQD4AQGYAgegAvkDwgIHECMYsAMYJ8ICChAAGLADGNYEGEfCAg0QABiABBiwAxhDGIoFwgIOEAAYsAMY5AIY1gTYAQHCAhkQLhiABBiwAxjRAxhDGMcBGMgDGIoF2AEBwgILEAAYgAQYsQMYgwHCAg4QABiABBixAxiDARiKBcICChAAGIAEGEMYigXCAhEQLhiABBixAxjRAxiDARjHAcICDhAuGIAEGLEDGMcBGK8BmAMAiAYBkAYTugYGCAEQARgJkgcDMy40oAejO7IHAzAuNLgH7AM&amp;sclient=gws-wiz-serp\">Mks Ambalaj<\/a> olarak, s\u00fcrd\u00fcr\u00fclebilirlik vizyonumuz do\u011frultusunda <a href=\"https:\/\/www.mksambalaj.com\/en\/bio-bozunur-bio-degradable-posetler\/\"><strong data-start=\"364\" data-end=\"396\">bio-degradable<\/strong><\/a> Produced from raw materials compatible with natural resources, these bags are broken down by microorganisms over time, depending on environmental conditions, and disappear without harming nature.<\/p>\n<p>\n<\/div>\n\n\t\t\t\t\t\t\t\t\t\t\t<\/div>\n\n\t\t\t\t\t\n\t\t\t\t\t\t\t\t\t<\/div>\n\t\t\t<\/div>\n\t\t<\/div><\/div><\/div><div class=\"wpb_column vc_column_container vc_col-sm-6 vc_col-has-fill wd-rs-67f558f2e1fa7\"><div class=\"vc_column-inner vc_custom_1744132346249\"><div class=\"wpb_wrapper\">\t\t\t<div class=\"info-box-wrapper\">\n\t\t\t\t<div id=\"wd-67f55a8d690cc\" class=\"wd-rs-67f55a8d690cc wd-info-box wd-wpb text-left box-icon-align-top box-style- color-scheme- wd-bg-none vc_custom_1744132760690\">\n\t\t\t\t\t\t\t\t\t\t<div class=\"info-box-content\">\n\t\t\t\t\t\t\t\t\t\t\t\t<div class=\"info-box-inner set-cont-mb-s reset-last-child\"><\/p>\n<p class=\"\" data-start=\"601\" data-end=\"648\"><strong data-start=\"601\" data-end=\"648\">Main features of biodegradable bags:<\/strong><\/p>\n<ul data-start=\"649\" data-end=\"896\">\n<li class=\"\" data-start=\"649\" data-end=\"716\">\n<p class=\"\" data-start=\"651\" data-end=\"716\">Decomposes much faster in nature than traditional plastic bags<\/p>\n<\/li>\n<li class=\"\" data-start=\"717\" data-end=\"768\">\n<p class=\"\" data-start=\"719\" data-end=\"768\">Compatible with recycling systems and environmentally friendly<\/p>\n<\/li>\n<li class=\"\" data-start=\"769\" data-end=\"841\">\n<p class=\"\" data-start=\"771\" data-end=\"841\">It can be used safely in many sectors such as food, textile, retail.<\/p>\n<\/li>\n<li class=\"\" data-start=\"842\" data-end=\"896\">\n<p class=\"\" data-start=\"844\" data-end=\"896\">Environmentally friendly packaging option that strengthens the brand image<\/p>\n<\/li>\n<\/ul>\n<p>\n<\/div>\n\n\t\t\t\t\t\t\t\t\t\t\t<\/div>\n\n\t\t\t\t\t\n\t\t\t\t\t\t\t\t\t<\/div>\n\t\t\t<\/div>\n\t\t<\/div><\/div><\/div><\/div><div class=\"vc_row wpb_row vc_row-fluid\"><div class=\"wpb_column vc_column_container vc_col-sm-12\"><div class=\"vc_column-inner\"><div class=\"wpb_wrapper\"><div class=\"vc_empty_space\"   style=\"height: 32px\"><span class=\"vc_empty_space_inner\"><\/span><\/div>\t\t\t<div class=\"wd-products-element wd-rs-67f5553662ef7 wd-wpb\">\n\t\t\t\n\t\t\n\t\t\t\t\t<div class=\"products wd-products  grid-columns-3 elements-grid wd-grid-g wd-stretch-cont-lg\" data-paged=\"1\" data-atts=\"{&quot;taxonomies&quot;:&quot;118&quot;,&quot;woodmart_css_id&quot;:&quot;67f5553662ef7&quot;}\" data-source=\"shortcode\" data-columns=\"3\" data-grid-gallery=\"\" style=\"--wd-col-lg:3;--wd-col-md:3;--wd-col-sm:2;--wd-gap-lg:20px;\">\n\t\t\t<div class=\"wd-product wd-hover-buttons-on-hover wd-col product-grid-item product type-product post-9924 status-publish instock product_cat-biodegradable product_cat-compostable product_cat-pe product_cat-pp has-post-thumbnail shipping-taxable product-type-external\" data-loop=\"1\" data-id=\"9924\">\n\t\n\t\n<div class=\"product-wrapper\">\n\t<div class=\"product-element-top wd-quick-shop\">\n\t\t<a href=\"https:\/\/www.mksambalaj.com\/en\/product\/atlet-posetler\/\" class=\"product-image-link\">\n\t\t\t<img loading=\"lazy\" decoding=\"async\" width=\"600\" height=\"686\" src=\"https:\/\/www.mksambalaj.com\/wp-content\/uploads\/2025\/04\/atlet-poset-2-600x686.webp\" class=\"attachment-woocommerce_thumbnail size-woocommerce_thumbnail\" alt=\"\" srcset=\"https:\/\/www.mksambalaj.com\/wp-content\/uploads\/2025\/04\/atlet-poset-2-600x686.webp 600w, https:\/\/www.mksambalaj.com\/wp-content\/uploads\/2025\/04\/atlet-poset-2-263x300.webp 263w, https:\/\/www.mksambalaj.com\/wp-content\/uploads\/2025\/04\/atlet-poset-2-11x12.webp 11w, https:\/\/www.mksambalaj.com\/wp-content\/uploads\/2025\/04\/atlet-poset-2-150x171.webp 150w, https:\/\/www.mksambalaj.com\/wp-content\/uploads\/2025\/04\/atlet-poset-2.webp 700w\" sizes=\"auto, (max-width: 600px) 100vw, 600px\" \/>\t\t<\/a>\n\n\t\t\n\t\t<div class=\"wd-buttons wd-pos-r-t\">\n\t\t\t\t\t<\/div>\n\t<\/div>\n\n\t<div class=\"product-element-bottom\">\n\n\t\t<div class=\"wd-product-header\">\n\t\t\t<h3 class=\"wd-entities-title\"><a href=\"https:\/\/www.mksambalaj.com\/en\/product\/atlet-posetler\/\">T-Shirt Bags<\/a><\/h3>\n\t\t\t\t\t<\/div>\n\n\t\t\n\t\t\t\t<div class=\"wd-product-cats\">\n\t\t\t<a href=\"https:\/\/www.mksambalaj.com\/en\/product-category\/biodegradable\/\" rel=\"tag\">Biodegradable<\/a>, <a href=\"https:\/\/www.mksambalaj.com\/en\/product-category\/compostable\/\" rel=\"tag\">Compostable<\/a>, <a href=\"https:\/\/www.mksambalaj.com\/en\/product-category\/pe\/\" rel=\"tag\">PE<\/a>, <a href=\"https:\/\/www.mksambalaj.com\/en\/product-category\/pp\/\" rel=\"tag\">PP<\/a>\t\t<\/div>\n\t\t\n\t\t\n\t\t<div class=\"wrap-price\">\n\t\t\t\n\n\t\t\t\t\t<\/div>\n\n\t\t\n\t\t\n\t\t\n\t\t\n\t\t<div class=\"wd-product-footer\">\n\t\t\t<div class=\"wd-add-btn wd-add-btn-replace\">\n\t\t\t\t<a href=\"#link\" data-quantity=\"1\" class=\"button product_type_external add-to-cart-loop\" data-product_id=\"9924\" data-product_sku=\"MKS-FP-1-1-1-1\" aria-label=\"REQUEST FORM\" rel=\"nofollow\"><span>REQUEST FORM<\/span><\/a>\t\t\t<\/div>\n\n\t\t\t\t\t\t<div class=\"wd-action-buttons\">\n\t\t\t\t\t\t\t\t\t\t<div class=\"quick-view wd-action-btn wd-style-icon wd-quick-view-icon wd-tooltip\">\n\t\t\t<a\n\t\t\t\thref=\"https:\/\/www.mksambalaj.com\/en\/product\/atlet-posetler\/\"\n\t\t\t\tclass=\"open-quick-view quick-view-button\"\n\t\t\t\trel=\"nofollow\"\n\t\t\t\tdata-id=\"9924\"\n\t\t\t\t>Quick view<\/a>\n\t\t<\/div>\n\t\t\t\t\t<\/div>\n\t\t\t\t\t<\/div>\n\t<\/div>\n<\/div>\n<\/div>\n<div class=\"wd-product wd-hover-buttons-on-hover wd-col product-grid-item product type-product post-9915 status-publish instock product_cat-biodegradable product_cat-compostable product_cat-pe product_cat-pp has-post-thumbnail shipping-taxable product-type-external\" data-loop=\"2\" data-id=\"9915\">\n\t\n\t\n<div class=\"product-wrapper\">\n\t<div class=\"product-element-top wd-quick-shop\">\n\t\t<a href=\"https:\/\/www.mksambalaj.com\/en\/product\/el-gecme-posetleri\/\" class=\"product-image-link\">\n\t\t\t<img loading=\"lazy\" decoding=\"async\" width=\"600\" height=\"686\" src=\"https:\/\/www.mksambalaj.com\/wp-content\/uploads\/2025\/04\/el-gecmeli-posetler-600x686.webp\" class=\"attachment-woocommerce_thumbnail size-woocommerce_thumbnail\" alt=\"\" srcset=\"https:\/\/www.mksambalaj.com\/wp-content\/uploads\/2025\/04\/el-gecmeli-posetler-600x686.webp 600w, https:\/\/www.mksambalaj.com\/wp-content\/uploads\/2025\/04\/el-gecmeli-posetler-263x300.webp 263w, https:\/\/www.mksambalaj.com\/wp-content\/uploads\/2025\/04\/el-gecmeli-posetler-11x12.webp 11w, https:\/\/www.mksambalaj.com\/wp-content\/uploads\/2025\/04\/el-gecmeli-posetler-150x171.webp 150w, https:\/\/www.mksambalaj.com\/wp-content\/uploads\/2025\/04\/el-gecmeli-posetler.webp 700w\" sizes=\"auto, (max-width: 600px) 100vw, 600px\" \/>\t\t<\/a>\n\n\t\t\n\t\t<div class=\"wd-buttons wd-pos-r-t\">\n\t\t\t\t\t<\/div>\n\t<\/div>\n\n\t<div class=\"product-element-bottom\">\n\n\t\t<div class=\"wd-product-header\">\n\t\t\t<h3 class=\"wd-entities-title\"><a href=\"https:\/\/www.mksambalaj.com\/en\/product\/el-gecme-posetleri\/\">Handbags<\/a><\/h3>\n\t\t\t\t\t<\/div>\n\n\t\t\n\t\t\t\t<div class=\"wd-product-cats\">\n\t\t\t<a href=\"https:\/\/www.mksambalaj.com\/en\/product-category\/biodegradable\/\" rel=\"tag\">Biodegradable<\/a>, <a href=\"https:\/\/www.mksambalaj.com\/en\/product-category\/compostable\/\" rel=\"tag\">Compostable<\/a>, <a href=\"https:\/\/www.mksambalaj.com\/en\/product-category\/pe\/\" rel=\"tag\">PE<\/a>, <a href=\"https:\/\/www.mksambalaj.com\/en\/product-category\/pp\/\" rel=\"tag\">PP<\/a>\t\t<\/div>\n\t\t\n\t\t\n\t\t<div class=\"wrap-price\">\n\t\t\t\n\n\t\t\t\t\t<\/div>\n\n\t\t\n\t\t\n\t\t\n\t\t\n\t\t<div class=\"wd-product-footer\">\n\t\t\t<div class=\"wd-add-btn wd-add-btn-replace\">\n\t\t\t\t<a href=\"#link\" data-quantity=\"1\" class=\"button product_type_external add-to-cart-loop\" data-product_id=\"9915\" data-product_sku=\"MKS-FP-1-1\" aria-label=\"REQUEST FORM\" rel=\"nofollow\"><span>REQUEST FORM<\/span><\/a>\t\t\t<\/div>\n\n\t\t\t\t\t\t<div class=\"wd-action-buttons\">\n\t\t\t\t\t\t\t\t\t\t<div class=\"quick-view wd-action-btn wd-style-icon wd-quick-view-icon wd-tooltip\">\n\t\t\t<a\n\t\t\t\thref=\"https:\/\/www.mksambalaj.com\/en\/product\/el-gecme-posetleri\/\"\n\t\t\t\tclass=\"open-quick-view quick-view-button\"\n\t\t\t\trel=\"nofollow\"\n\t\t\t\tdata-id=\"9915\"\n\t\t\t\t>Quick view<\/a>\n\t\t<\/div>\n\t\t\t\t\t<\/div>\n\t\t\t\t\t<\/div>\n\t<\/div>\n<\/div>\n<\/div>\n<div class=\"wd-product wd-hover-buttons-on-hover wd-col product-grid-item product type-product post-524 status-publish last instock product_cat-biodegradable product_cat-compostable product_cat-pe product_cat-pp has-post-thumbnail shipping-taxable product-type-external\" data-loop=\"3\" data-id=\"524\">\n\t\n\t\n<div class=\"product-wrapper\">\n\t<div class=\"product-element-top wd-quick-shop\">\n\t\t<a href=\"https:\/\/www.mksambalaj.com\/en\/product\/fermuarli-posetler\/\" class=\"product-image-link\">\n\t\t\t<img loading=\"lazy\" decoding=\"async\" width=\"600\" height=\"686\" src=\"https:\/\/www.mksambalaj.com\/wp-content\/uploads\/2024\/03\/kilitli_poset-600x686.webp\" class=\"attachment-woocommerce_thumbnail size-woocommerce_thumbnail\" alt=\"\" srcset=\"https:\/\/www.mksambalaj.com\/wp-content\/uploads\/2024\/03\/kilitli_poset-600x686.webp 600w, https:\/\/www.mksambalaj.com\/wp-content\/uploads\/2024\/03\/kilitli_poset-263x300.webp 263w, https:\/\/www.mksambalaj.com\/wp-content\/uploads\/2024\/03\/kilitli_poset-11x12.webp 11w, https:\/\/www.mksambalaj.com\/wp-content\/uploads\/2024\/03\/kilitli_poset-150x171.webp 150w, https:\/\/www.mksambalaj.com\/wp-content\/uploads\/2024\/03\/kilitli_poset.webp 700w\" sizes=\"auto, (max-width: 600px) 100vw, 600px\" \/>\t\t<\/a>\n\n\t\t\n\t\t<div class=\"wd-buttons wd-pos-r-t\">\n\t\t\t\t\t<\/div>\n\t<\/div>\n\n\t<div class=\"product-element-bottom\">\n\n\t\t<div class=\"wd-product-header\">\n\t\t\t<h3 class=\"wd-entities-title\"><a href=\"https:\/\/www.mksambalaj.com\/en\/product\/fermuarli-posetler\/\">Zipper Bags<\/a><\/h3>\n\t\t\t\t\t<\/div>\n\n\t\t\n\t\t\t\t<div class=\"wd-product-cats\">\n\t\t\t<a href=\"https:\/\/www.mksambalaj.com\/en\/product-category\/biodegradable\/\" rel=\"tag\">Biodegradable<\/a>, <a href=\"https:\/\/www.mksambalaj.com\/en\/product-category\/compostable\/\" rel=\"tag\">Compostable<\/a>, <a href=\"https:\/\/www.mksambalaj.com\/en\/product-category\/pe\/\" rel=\"tag\">PE<\/a>, <a href=\"https:\/\/www.mksambalaj.com\/en\/product-category\/pp\/\" rel=\"tag\">PP<\/a>\t\t<\/div>\n\t\t\n\t\t\n\t\t<div class=\"wrap-price\">\n\t\t\t\n\n\t\t\t\t\t<\/div>\n\n\t\t\n\t\t\n\t\t\n\t\t\n\t\t<div class=\"wd-product-footer\">\n\t\t\t<div class=\"wd-add-btn wd-add-btn-replace\">\n\t\t\t\t<a href=\"#link\" data-quantity=\"1\" class=\"button product_type_external add-to-cart-loop\" data-product_id=\"524\" data-product_sku=\"MKS-FP\" aria-label=\"REQUEST FORM\" rel=\"nofollow\"><span>REQUEST FORM<\/span><\/a>\t\t\t<\/div>\n\n\t\t\t\t\t\t<div class=\"wd-action-buttons\">\n\t\t\t\t\t\t\t\t\t\t<div class=\"quick-view wd-action-btn wd-style-icon wd-quick-view-icon wd-tooltip\">\n\t\t\t<a\n\t\t\t\thref=\"https:\/\/www.mksambalaj.com\/en\/product\/fermuarli-posetler\/\"\n\t\t\t\tclass=\"open-quick-view quick-view-button\"\n\t\t\t\trel=\"nofollow\"\n\t\t\t\tdata-id=\"524\"\n\t\t\t\t>Quick view<\/a>\n\t\t<\/div>\n\t\t\t\t\t<\/div>\n\t\t\t\t\t<\/div>\n\t<\/div>\n<\/div>\n<\/div>\n<div class=\"wd-product wd-hover-buttons-on-hover wd-col product-grid-item product type-product post-9910 status-publish first instock product_cat-biodegradable product_cat-compostable product_cat-pe product_cat-pp has-post-thumbnail shipping-taxable product-type-external\" data-loop=\"4\" data-id=\"9910\">\n\t\n\t\n<div class=\"product-wrapper\">\n\t<div class=\"product-element-top wd-quick-shop\">\n\t\t<a href=\"https:\/\/www.mksambalaj.com\/en\/product\/kilitli-posetler\/\" class=\"product-image-link\">\n\t\t\t<img loading=\"lazy\" decoding=\"async\" width=\"600\" height=\"686\" src=\"https:\/\/www.mksambalaj.com\/wp-content\/uploads\/2025\/04\/fermuarliposet-600x686.webp\" class=\"attachment-woocommerce_thumbnail size-woocommerce_thumbnail\" alt=\"\" srcset=\"https:\/\/www.mksambalaj.com\/wp-content\/uploads\/2025\/04\/fermuarliposet-600x686.webp 600w, https:\/\/www.mksambalaj.com\/wp-content\/uploads\/2025\/04\/fermuarliposet-263x300.webp 263w, https:\/\/www.mksambalaj.com\/wp-content\/uploads\/2025\/04\/fermuarliposet-11x12.webp 11w, https:\/\/www.mksambalaj.com\/wp-content\/uploads\/2025\/04\/fermuarliposet-150x171.webp 150w, https:\/\/www.mksambalaj.com\/wp-content\/uploads\/2025\/04\/fermuarliposet.webp 700w\" sizes=\"auto, (max-width: 600px) 100vw, 600px\" \/>\t\t<\/a>\n\n\t\t\n\t\t<div class=\"wd-buttons wd-pos-r-t\">\n\t\t\t\t\t<\/div>\n\t<\/div>\n\n\t<div class=\"product-element-bottom\">\n\n\t\t<div class=\"wd-product-header\">\n\t\t\t<h3 class=\"wd-entities-title\"><a href=\"https:\/\/www.mksambalaj.com\/en\/product\/kilitli-posetler\/\">Ziplock Bags<\/a><\/h3>\n\t\t\t\t\t<\/div>\n\n\t\t\n\t\t\t\t<div class=\"wd-product-cats\">\n\t\t\t<a href=\"https:\/\/www.mksambalaj.com\/en\/product-category\/biodegradable\/\" rel=\"tag\">Biodegradable<\/a>, <a href=\"https:\/\/www.mksambalaj.com\/en\/product-category\/compostable\/\" rel=\"tag\">Compostable<\/a>, <a href=\"https:\/\/www.mksambalaj.com\/en\/product-category\/pe\/\" rel=\"tag\">PE<\/a>, <a href=\"https:\/\/www.mksambalaj.com\/en\/product-category\/pp\/\" rel=\"tag\">PP<\/a>\t\t<\/div>\n\t\t\n\t\t\n\t\t<div class=\"wrap-price\">\n\t\t\t\n\n\t\t\t\t\t<\/div>\n\n\t\t\n\t\t\n\t\t\n\t\t\n\t\t<div class=\"wd-product-footer\">\n\t\t\t<div class=\"wd-add-btn wd-add-btn-replace\">\n\t\t\t\t<a href=\"#link\" data-quantity=\"1\" class=\"button product_type_external add-to-cart-loop\" data-product_id=\"9910\" data-product_sku=\"MKS-FP-1\" aria-label=\"REQUEST FORM\" rel=\"nofollow\"><span>REQUEST FORM<\/span><\/a>\t\t\t<\/div>\n\n\t\t\t\t\t\t<div class=\"wd-action-buttons\">\n\t\t\t\t\t\t\t\t\t\t<div class=\"quick-view wd-action-btn wd-style-icon wd-quick-view-icon wd-tooltip\">\n\t\t\t<a\n\t\t\t\thref=\"https:\/\/www.mksambalaj.com\/en\/product\/kilitli-posetler\/\"\n\t\t\t\tclass=\"open-quick-view quick-view-button\"\n\t\t\t\trel=\"nofollow\"\n\t\t\t\tdata-id=\"9910\"\n\t\t\t\t>Quick view<\/a>\n\t\t<\/div>\n\t\t\t\t\t<\/div>\n\t\t\t\t\t<\/div>\n\t<\/div>\n<\/div>\n<\/div>\n<div class=\"wd-product wd-hover-buttons-on-hover wd-col product-grid-item product type-product post-9921 status-publish instock product_cat-biodegradable product_cat-compostable product_cat-pe product_cat-pp has-post-thumbnail shipping-taxable product-type-external\" data-loop=\"5\" data-id=\"9921\">\n\t\n\t\n<div class=\"product-wrapper\">\n\t<div class=\"product-element-top wd-quick-shop\">\n\t\t<a href=\"https:\/\/www.mksambalaj.com\/en\/product\/kulplu-posetler\/\" class=\"product-image-link\">\n\t\t\t<img loading=\"lazy\" decoding=\"async\" width=\"600\" height=\"686\" src=\"https:\/\/www.mksambalaj.com\/wp-content\/uploads\/2025\/04\/kuilplu-posetler-600x686.webp\" class=\"attachment-woocommerce_thumbnail size-woocommerce_thumbnail\" alt=\"\" srcset=\"https:\/\/www.mksambalaj.com\/wp-content\/uploads\/2025\/04\/kuilplu-posetler-600x686.webp 600w, https:\/\/www.mksambalaj.com\/wp-content\/uploads\/2025\/04\/kuilplu-posetler-263x300.webp 263w, https:\/\/www.mksambalaj.com\/wp-content\/uploads\/2025\/04\/kuilplu-posetler-11x12.webp 11w, https:\/\/www.mksambalaj.com\/wp-content\/uploads\/2025\/04\/kuilplu-posetler-150x171.webp 150w, https:\/\/www.mksambalaj.com\/wp-content\/uploads\/2025\/04\/kuilplu-posetler.webp 700w\" sizes=\"auto, (max-width: 600px) 100vw, 600px\" \/>\t\t<\/a>\n\n\t\t\n\t\t<div class=\"wd-buttons wd-pos-r-t\">\n\t\t\t\t\t<\/div>\n\t<\/div>\n\n\t<div class=\"product-element-bottom\">\n\n\t\t<div class=\"wd-product-header\">\n\t\t\t<h3 class=\"wd-entities-title\"><a href=\"https:\/\/www.mksambalaj.com\/en\/product\/kulplu-posetler\/\">Handled Bags<\/a><\/h3>\n\t\t\t\t\t<\/div>\n\n\t\t\n\t\t\t\t<div class=\"wd-product-cats\">\n\t\t\t<a href=\"https:\/\/www.mksambalaj.com\/en\/product-category\/biodegradable\/\" rel=\"tag\">Biodegradable<\/a>, <a href=\"https:\/\/www.mksambalaj.com\/en\/product-category\/compostable\/\" rel=\"tag\">Compostable<\/a>, <a href=\"https:\/\/www.mksambalaj.com\/en\/product-category\/pe\/\" rel=\"tag\">PE<\/a>, <a href=\"https:\/\/www.mksambalaj.com\/en\/product-category\/pp\/\" rel=\"tag\">PP<\/a>\t\t<\/div>\n\t\t\n\t\t\n\t\t<div class=\"wrap-price\">\n\t\t\t\n\n\t\t\t\t\t<\/div>\n\n\t\t\n\t\t\n\t\t\n\t\t\n\t\t<div class=\"wd-product-footer\">\n\t\t\t<div class=\"wd-add-btn wd-add-btn-replace\">\n\t\t\t\t<a href=\"#link\" data-quantity=\"1\" class=\"button product_type_external add-to-cart-loop\" data-product_id=\"9921\" data-product_sku=\"MKS-FP-1-1-1\" aria-label=\"REQUEST FORM\" rel=\"nofollow\"><span>REQUEST FORM<\/span><\/a>\t\t\t<\/div>\n\n\t\t\t\t\t\t<div class=\"wd-action-buttons\">\n\t\t\t\t\t\t\t\t\t\t<div class=\"quick-view wd-action-btn wd-style-icon wd-quick-view-icon wd-tooltip\">\n\t\t\t<a\n\t\t\t\thref=\"https:\/\/www.mksambalaj.com\/en\/product\/kulplu-posetler\/\"\n\t\t\t\tclass=\"open-quick-view quick-view-button\"\n\t\t\t\trel=\"nofollow\"\n\t\t\t\tdata-id=\"9921\"\n\t\t\t\t>Quick view<\/a>\n\t\t<\/div>\n\t\t\t\t\t<\/div>\n\t\t\t\t\t<\/div>\n\t<\/div>\n<\/div>\n<\/div>\n<div class=\"wd-product wd-hover-buttons-on-hover wd-col product-grid-item product type-product post-9926 status-publish instock product_cat-biodegradable product_cat-compostable product_cat-pe product_cat-pp has-post-thumbnail shipping-taxable product-type-external\" data-loop=\"6\" data-id=\"9926\">\n\t\n\t\n<div class=\"product-wrapper\">\n\t<div class=\"product-element-top wd-quick-shop\">\n\t\t<a href=\"https:\/\/www.mksambalaj.com\/en\/product\/takviyeli-posetler\/\" class=\"product-image-link\">\n\t\t\t<img loading=\"lazy\" decoding=\"async\" width=\"600\" height=\"686\" src=\"https:\/\/www.mksambalaj.com\/wp-content\/uploads\/2025\/04\/takviyeli-poset-600x686.webp\" class=\"attachment-woocommerce_thumbnail size-woocommerce_thumbnail\" alt=\"Bio Bozunur (Bio-Degradable) Po\u015fetler\" srcset=\"https:\/\/www.mksambalaj.com\/wp-content\/uploads\/2025\/04\/takviyeli-poset-600x686.webp 600w, https:\/\/www.mksambalaj.com\/wp-content\/uploads\/2025\/04\/takviyeli-poset-263x300.webp 263w, https:\/\/www.mksambalaj.com\/wp-content\/uploads\/2025\/04\/takviyeli-poset-11x12.webp 11w, https:\/\/www.mksambalaj.com\/wp-content\/uploads\/2025\/04\/takviyeli-poset-150x171.webp 150w, https:\/\/www.mksambalaj.com\/wp-content\/uploads\/2025\/04\/takviyeli-poset.webp 700w\" sizes=\"auto, (max-width: 600px) 100vw, 600px\" \/>\t\t<\/a>\n\n\t\t\n\t\t<div class=\"wd-buttons wd-pos-r-t\">\n\t\t\t\t\t<\/div>\n\t<\/div>\n\n\t<div class=\"product-element-bottom\">\n\n\t\t<div class=\"wd-product-header\">\n\t\t\t<h3 class=\"wd-entities-title\"><a href=\"https:\/\/www.mksambalaj.com\/en\/product\/takviyeli-posetler\/\">Reinforced Bags<\/a><\/h3>\n\t\t\t\t\t<\/div>\n\n\t\t\n\t\t\t\t<div class=\"wd-product-cats\">\n\t\t\t<a href=\"https:\/\/www.mksambalaj.com\/en\/product-category\/biodegradable\/\" rel=\"tag\">Biodegradable<\/a>, <a href=\"https:\/\/www.mksambalaj.com\/en\/product-category\/compostable\/\" rel=\"tag\">Compostable<\/a>, <a href=\"https:\/\/www.mksambalaj.com\/en\/product-category\/pe\/\" rel=\"tag\">PE<\/a>, <a href=\"https:\/\/www.mksambalaj.com\/en\/product-category\/pp\/\" rel=\"tag\">PP<\/a>\t\t<\/div>\n\t\t\n\t\t\n\t\t<div class=\"wrap-price\">\n\t\t\t\n\n\t\t\t\t\t<\/div>\n\n\t\t\n\t\t\n\t\t\n\t\t\n\t\t<div class=\"wd-product-footer\">\n\t\t\t<div class=\"wd-add-btn wd-add-btn-replace\">\n\t\t\t\t<a href=\"#link\" data-quantity=\"1\" class=\"button product_type_external add-to-cart-loop\" data-product_id=\"9926\" data-product_sku=\"MKS-FP-1-1-1-1-1\" aria-label=\"REQUEST FORM\" rel=\"nofollow\"><span>REQUEST FORM<\/span><\/a>\t\t\t<\/div>\n\n\t\t\t\t\t\t<div class=\"wd-action-buttons\">\n\t\t\t\t\t\t\t\t\t\t<div class=\"quick-view wd-action-btn wd-style-icon wd-quick-view-icon wd-tooltip\">\n\t\t\t<a\n\t\t\t\thref=\"https:\/\/www.mksambalaj.com\/en\/product\/takviyeli-posetler\/\"\n\t\t\t\tclass=\"open-quick-view quick-view-button\"\n\t\t\t\trel=\"nofollow\"\n\t\t\t\tdata-id=\"9926\"\n\t\t\t\t>Quick view<\/a>\n\t\t<\/div>\n\t\t\t\t\t<\/div>\n\t\t\t\t\t<\/div>\n\t<\/div>\n<\/div>\n<\/div>\n\t\t\t<\/div>\n\t\t\t<\/div><\/div><\/div><\/div><\/div>\n<\/div>","protected":false},"excerpt":{"rendered":"","protected":false},"author":1,"featured_media":9925,"parent":0,"menu_order":0,"comment_status":"closed","ping_status":"closed","template":"","meta":{"footnotes":""},"class_list":["post-9957","page","type-page","status-publish","has-post-thumbnail","hentry"],"_links":{"self":[{"href":"https:\/\/www.mksambalaj.com\/en\/wp-json\/wp\/v2\/pages\/9957","targetHints":{"allow":["GET"]}}],"collection":[{"href":"https:\/\/www.mksambalaj.com\/en\/wp-json\/wp\/v2\/pages"}],"about":[{"href":"https:\/\/www.mksambalaj.com\/en\/wp-json\/wp\/v2\/types\/page"}],"author":[{"embeddable":true,"href":"https:\/\/www.mksambalaj.com\/en\/wp-json\/wp\/v2\/users\/1"}],"replies":[{"embeddable":true,"href":"https:\/\/www.mksambalaj.com\/en\/wp-json\/wp\/v2\/comments?post=9957"}],"version-history":[{"count":7,"href":"https:\/\/www.mksambalaj.com\/en\/wp-json\/wp\/v2\/pages\/9957\/revisions"}],"predecessor-version":[{"id":10004,"href":"https:\/\/www.mksambalaj.com\/en\/wp-json\/wp\/v2\/pages\/9957\/revisions\/10004"}],"wp:featuredmedia":[{"embeddable":true,"href":"https:\/\/www.mksambalaj.com\/en\/wp-json\/wp\/v2\/media\/9925"}],"wp:attachment":[{"href":"https:\/\/www.mksambalaj.com\/en\/wp-json\/wp\/v2\/media?parent=9957"}],"curies":[{"name":"wp","href":"https:\/\/api.w.org\/{rel}","templated":true}]}}