{"id":21,"date":"2024-03-27T13:18:32","date_gmt":"2024-03-27T13:18:32","guid":{"rendered":"https:\/\/dummy.xtemos.com\/woodmart2\/pills\/?page_id=21"},"modified":"2025-04-08T20:18:33","modified_gmt":"2025-04-08T17:18:33","slug":"hakkimizda","status":"publish","type":"page","link":"https:\/\/www.mksambalaj.com\/sq\/hakkimizda\/","title":{"rendered":"Rreth Nesh"},"content":{"rendered":"<div class=\"wpb-content-wrapper\"><div class=\"vc_row wpb_row vc_row-fluid vc_custom_1710334882481 vc_row-o-content-middle vc_row-flex wd-rs-65f1a39e928ce\"><div class=\"wpb_column vc_column_container vc_col-sm-6 wd-rs-64f1cc3c3533a\"><div class=\"vc_column-inner vc_custom_1693568064318\"><div class=\"wpb_wrapper\">\n\t\t<div id=\"wd-67f548132895c\" class=\"title-wrapper wd-wpb set-mb-s reset-last-child  wd-rs-67f548132895c wd-title-color-default wd-title-style-default text-left vc_custom_1744128033208 wd-underline-colored\">\n\t\t\t\n\t\t\t<div class=\"liner-continer\">\n\t\t\t\t<h4 class=\"woodmart-title-container title  wd-font-weight- wd-fontsize-l\" >\u00c7do produkt meriton <u>Nga paketimi<\/u> Takohet.<\/h4>\n\t\t\t\t\t\t\t<\/div>\n\t\t\t\n\t\t\t\n\t\t\t\n\t\t<\/div>\n\t\t\n\t\t<\/div><\/div><\/div><div class=\"wpb_column vc_column_container vc_col-sm-6 wd-rs-65f055a2661e5\"><div class=\"vc_column-inner vc_custom_1710249380603\"><div class=\"wpb_wrapper\">\t\t<div id=\"wd-67f5483a0ce93\" class=\"wd-text-block wd-wpb reset-last-child wd-rs-67f5483a0ce93 text-left vc_custom_1744128064560\">\n\t\t\t<p class=\"\" data-start=\"183\" data-end=\"677\">Si Mks Ambalaj, me p\u00ebrvoj\u00ebn ton\u00eb n\u00eb k\u00ebt\u00eb sektor dhe qasjen ton\u00eb inovative, ne adoptojm\u00eb nj\u00eb qasje q\u00eb i jep p\u00ebrpar\u00ebsi cil\u00ebsis\u00eb n\u00eb prodhimin e \u00e7antave dhe paketimeve. Me struktur\u00ebn ton\u00eb moderne t\u00eb prodhimit, teknologjit\u00eb miq\u00ebsore me mjedisin dhe qasjen e sh\u00ebrbimit t\u00eb fokusuar n\u00eb k\u00ebnaq\u00ebsin\u00eb e klientit, ne ofrojm\u00eb zgjidhje t\u00eb ve\u00e7anta p\u00ebr ushqimin, tekstilin, shitjen me pakic\u00eb dhe shum\u00eb sektor\u00eb t\u00eb tjer\u00eb. Me gam\u00ebn ton\u00eb t\u00eb produkteve n\u00eb rritje dhe kapacitetin ton\u00eb fleksib\u00ebl t\u00eb prodhimit, ne zhvillojm\u00eb zgjidhje paketimi estetike dhe t\u00eb q\u00ebndrueshme, specifike p\u00ebr nevojat e markave.<\/p>\n\t\t<\/div>\n\t\t<\/div><\/div><\/div><\/div><div class=\"vc_row wpb_row vc_row-fluid vc_custom_1711455017831 vc_row-has-fill wd-rs-6602bade47935 wd-section-stretch\"><div class=\"wpb_column vc_column_container vc_col-sm-12 wd-rs-64f1cd595c489\"><div class=\"vc_column-inner vc_custom_1693568353104\"><div class=\"wpb_wrapper\">\n\t\t<div id=\"wd-67f5538436e58\" class=\"title-wrapper wd-wpb set-mb-s reset-last-child  wd-rs-67f5538436e58 wd-title-color-default wd-title-style-default text-center  wd-width-custom wd-underline-colored\">\n\t\t\t\n\t\t\t<div class=\"liner-continer\">\n\t\t\t\t<h4 class=\"woodmart-title-container title  wd-font-weight- wd-fontsize-l\" >Vlerat e Kompanis\u00eb Son\u00eb<\/h4>\n\t\t\t\t\t\t\t<\/div>\n\t\t\t\n\t\t\t\t\t\t\t<div class=\"title-after_title  set-cont-mb-s reset-last-child  wd-fontsize-xs\">Ne zhvillojm\u00eb produkte si estetike ashtu edhe funksionale pa b\u00ebr\u00eb kompromis me standardet e cil\u00ebsis\u00eb n\u00eb proceset tona t\u00eb prodhimit. Ne prodhojm\u00eb zgjidhje q\u00eb rrisin vler\u00ebn e markave duke iu p\u00ebrgjigjur nevojave p\u00ebr \u00e7anta dhe paketime n\u00eb shum\u00eb sektor\u00eb, ve\u00e7an\u00ebrisht n\u00eb ushqim, tekstile, shitje me pakic\u00eb dhe industri.<\/div>\n\t\t\t\n\t\t\t\n\t\t<\/div>\n\t\t\n\t\t<div class=\"vc_row wpb_row vc_inner vc_row-fluid vc_custom_1693568740799 wd-rs-64f1cedd0db26\"><div class=\"wpb_column vc_column_container vc_col-sm-6 wd-rs-64f1cdd9476e1\"><div class=\"vc_column-inner vc_custom_1693568476920\"><div class=\"wpb_wrapper\">\t\t\t<div class=\"info-box-wrapper\">\n\t\t\t\t<div id=\"wd-67f553b860bc9\" class=\"wd-rs-67f553b860bc9 wd-info-box wd-wpb text-left box-icon-align-top box-style- color-scheme- wd-bg-none vc_custom_1744131009208\">\n\t\t\t\t\t\t\t\t\t\t<div class=\"info-box-content\">\n\t\t\t\t\t\t<h4 class=\"info-box-title title box-title-style-default wd-fontsize-xl\">Misioni yn\u00eb<\/h4>\t\t\t\t\t\t<div class=\"info-box-inner set-cont-mb-s reset-last-child\"><\/p>\n<p class=\"\" data-start=\"705\" data-end=\"984\">T\u00eb jemi nj\u00eb mark\u00eb e besueshme dhe e preferuar n\u00eb sektorin ton\u00eb duke u ofruar klient\u00ebve tan\u00eb zgjidhje paketimi me cil\u00ebsi t\u00eb lart\u00eb, miq\u00ebsore me mjedisin dhe ekonomike. T\u00eb p\u00ebrmir\u00ebsojm\u00eb proceset tona t\u00eb prodhimit p\u00ebrmes zhvillimit dhe inovacionit t\u00eb vazhduesh\u00ebm, si dhe t\u00eb krijojm\u00eb vler\u00eb t\u00eb q\u00ebndrueshme p\u00ebr punonj\u00ebsit tan\u00eb, partner\u00ebt e biznesit dhe mjedisin.<\/p>\n<p>\n<\/div>\n\n\t\t\t\t\t\t\t\t\t\t\t<\/div>\n\n\t\t\t\t\t\n\t\t\t\t\t\t\t\t\t<\/div>\n\t\t\t<\/div>\n\t\t<\/div><\/div><\/div><div class=\"wpb_column vc_column_container vc_col-sm-6 wd-rs-64f1cdcc10e5f\"><div class=\"vc_column-inner vc_custom_1693568471956\"><div class=\"wpb_wrapper\">\t\t\t<div class=\"info-box-wrapper\">\n\t\t\t\t<div id=\"wd-67f553c49462d\" class=\"wd-rs-67f553c49462d wd-info-box wd-wpb text-left box-icon-align-top box-style- color-scheme- wd-bg-none vc_custom_1744131025173\">\n\t\t\t\t\t\t\t\t\t\t<div class=\"info-box-content\">\n\t\t\t\t\t\t<h4 class=\"info-box-title title box-title-style-default wd-fontsize-xl\">Vizioni yn\u00eb<\/h4>\t\t\t\t\t\t<div class=\"info-box-inner set-cont-mb-s reset-last-child\"><\/p>\n<p class=\"\" data-start=\"1012\" data-end=\"1269\">Si nj\u00eb mark\u00eb inovative, miq\u00ebsore me mjedisin dhe lider n\u00eb sektorin e paketimit, t\u00eb ofrojm\u00eb zgjidhje shum\u00eb konkurruese si n\u00eb tregun vendas ashtu edhe n\u00eb at\u00eb nd\u00ebrkomb\u00ebtar. T\u00eb b\u00ebhemi nj\u00eb mark\u00eb bot\u00ebrore q\u00eb b\u00ebn diferenc\u00ebn n\u00eb sektorin ton\u00eb duke bashkuar dizajnin, teknologjin\u00eb dhe cil\u00ebsin\u00eb.<\/p>\n<p>\n<\/div>\n\n\t\t\t\t\t\t\t\t\t\t\t<\/div>\n\n\t\t\t\t\t\n\t\t\t\t\t\t\t\t\t<\/div>\n\t\t\t<\/div>\n\t\t<\/div><\/div><\/div><\/div><\/div><\/div><\/div><\/div>\n<\/div>","protected":false},"excerpt":{"rendered":"Her \u00dcr\u00fcn Hak Etti\u011fi Ambalajla Bulu\u015fur. Mks Ambalaj olarak, sekt\u00f6rdeki deneyimimiz ve yenilik\u00e7i yakla\u015f\u0131m\u0131m\u0131zla po\u015fet ve ambalaj \u00fcretiminde kaliteyi \u00f6n","protected":false},"author":1,"featured_media":0,"parent":0,"menu_order":0,"comment_status":"closed","ping_status":"closed","template":"","meta":{"footnotes":""},"class_list":["post-21","page","type-page","status-publish","hentry"],"_links":{"self":[{"href":"https:\/\/www.mksambalaj.com\/sq\/wp-json\/wp\/v2\/pages\/21","targetHints":{"allow":["GET"]}}],"collection":[{"href":"https:\/\/www.mksambalaj.com\/sq\/wp-json\/wp\/v2\/pages"}],"about":[{"href":"https:\/\/www.mksambalaj.com\/sq\/wp-json\/wp\/v2\/types\/page"}],"author":[{"embeddable":true,"href":"https:\/\/www.mksambalaj.com\/sq\/wp-json\/wp\/v2\/users\/1"}],"replies":[{"embeddable":true,"href":"https:\/\/www.mksambalaj.com\/sq\/wp-json\/wp\/v2\/comments?post=21"}],"version-history":[{"count":6,"href":"https:\/\/www.mksambalaj.com\/sq\/wp-json\/wp\/v2\/pages\/21\/revisions"}],"predecessor-version":[{"id":9958,"href":"https:\/\/www.mksambalaj.com\/sq\/wp-json\/wp\/v2\/pages\/21\/revisions\/9958"}],"wp:attachment":[{"href":"https:\/\/www.mksambalaj.com\/sq\/wp-json\/wp\/v2\/media?parent=21"}],"curies":[{"name":"wp","href":"https:\/\/api.w.org\/{rel}","templated":true}]}}