{"id":29,"date":"2024-03-27T13:20:00","date_gmt":"2024-03-27T13:20:00","guid":{"rendered":"https:\/\/dummy.xtemos.com\/woodmart2\/pills\/?page_id=29"},"modified":"2025-09-23T15:16:37","modified_gmt":"2025-09-23T12:16:37","slug":"iletisim","status":"publish","type":"page","link":"https:\/\/www.mksambalaj.com\/sq\/iletisim\/","title":{"rendered":"Na Kontaktoni"},"content":{"rendered":"<div class=\"wpb-content-wrapper\"><div class=\"vc_row wpb_row vc_row-fluid row-reverse-mobile row-reverse-tablet wd-rs-65f1a3ae4aa7a\"><div class=\"wpb_column vc_column_container vc_col-sm-12 vc_col-lg-5 vc_col-md-5 wd-rs-64f1d6b68cd10\"><div class=\"vc_column-inner vc_custom_1693570747509\"><div class=\"wpb_wrapper\">\n\t\t<div id=\"wd-67f5435c852e5\" class=\"title-wrapper wd-wpb set-mb-s reset-last-child  wd-rs-67f5435c852e5 wd-title-color-default wd-title-style-default text-left vc_custom_1744126821345 wd-underline-colored\">\n\t\t\t\n\t\t\t<div class=\"liner-continer\">\n\t\t\t\t<h4 class=\"woodmart-title-container title  wd-font-weight- wd-fontsize-l\" >Adresa<\/h4>\n\t\t\t\t\t\t\t<\/div>\n\t\t\t\n\t\t\t\n\t\t\t\n\t\t<\/div>\n\t\t\n\t\t\t\t<div id=\"wd-681868daafb34\" class=\"wd-text-block wd-wpb reset-last-child wd-rs-681868daafb34 text-left wd-font-weight-500 color-title wd-fontsize-s font-primary vc_custom_1746430195040\">\n\t\t\t<p>Kemalpa\u015fa Mah. \u00d6zt\u00fcrk Sk. No 23\/B K\u00fc\u00e7\u00fck\u00e7ekmece &#8211; \u0130stanbul<\/p>\n\t\t<\/div>\n\t\t<div class=\"vc_row wpb_row vc_inner vc_row-fluid wd-rs-65f443fb91fa0\"><div class=\"wpb_column vc_column_container vc_col-sm-6 wd-rs-64f1d349bf662\"><div class=\"vc_column-inner vc_custom_1693569869619\"><div class=\"wpb_wrapper\">\n\t\t<div id=\"wd-67f543e38c672\" class=\"title-wrapper wd-wpb set-mb-s reset-last-child  wd-rs-67f543e38c672 wd-title-color-default wd-title-style-default text-left vc_custom_1744126954271 wd-underline-colored\">\n\t\t\t\n\t\t\t<div class=\"liner-continer\">\n\t\t\t\t<h4 class=\"woodmart-title-container title  wd-font-weight- wd-fontsize-l\" >Telefon<\/h4>\n\t\t\t\t\t\t\t<\/div>\n\t\t\t\n\t\t\t\n\t\t\t\n\t\t<\/div>\n\t\t\n\t\t\t\t<div id=\"wd-68d28f6de4679\" class=\"wd-text-block wd-wpb reset-last-child wd-rs-68d28f6de4679 text-left wd-font-weight-500 color-title wd-fontsize-s font-primary vc_custom_1758629792919\">\n\t\t\t<p><a href=\"https:\/\/wa.me\/905384059034\">+90 538 405 90 34<\/a><\/p>\n\t\t<\/div>\n\t\t<\/div><\/div><\/div><div class=\"wpb_column vc_column_container vc_col-sm-6 wd-rs-64f1d34f2938b\"><div class=\"vc_column-inner vc_custom_1693569874147\"><div class=\"wpb_wrapper\">\n\t\t<div id=\"wd-64f1d3935ba4a\" class=\"title-wrapper wd-wpb set-mb-s reset-last-child  wd-rs-64f1d3935ba4a wd-title-color-default wd-title-style-default text-left vc_custom_1693569943722 wd-underline-colored\">\n\t\t\t\n\t\t\t<div class=\"liner-continer\">\n\t\t\t\t<h4 class=\"woodmart-title-container title  wd-font-weight- wd-fontsize-l\" >Email<\/h4>\n\t\t\t\t\t\t\t<\/div>\n\t\t\t\n\t\t\t\n\t\t\t\n\t\t<\/div>\n\t\t\n\t\t\t\t<div id=\"wd-67f5445de11ed\" class=\"wd-text-block wd-wpb reset-last-child wd-rs-67f5445de11ed text-left wd-font-weight-500 color-title wd-fontsize-s font-primary vc_custom_1744127080387\">\n\t\t\t<p><a href=\"mailto:info@mksambalaj.com\">info@mksambalaj.com<\/a><\/p>\n\t\t<\/div>\n\t\t<\/div><\/div><\/div><\/div><div class=\"vc_row wpb_row vc_inner vc_row-fluid vc_custom_1710506877764 vc_row-has-fill wd-rs-65f44365cfc4d\"><div class=\"wpb_column vc_column_container vc_col-sm-12 wd-rs-64f1d3c1ec001\"><div class=\"vc_column-inner vc_custom_1693569991435\"><div class=\"wpb_wrapper\">\n\t\t<div id=\"wd-67f5440d59772\" class=\"title-wrapper wd-wpb set-mb-s reset-last-child  wd-rs-67f5440d59772 wd-title-color-default wd-title-style-default text-left vc_custom_1744126999837 wd-underline-colored\">\n\t\t\t\n\t\t\t<div class=\"liner-continer\">\n\t\t\t\t<h4 class=\"woodmart-title-container title  wd-font-weight- wd-fontsize-xl\" >Formulari i Kontaktit<\/h4>\n\t\t\t\t\t\t\t<\/div>\n\t\t\t\n\t\t\t\n\t\t\t\n\t\t<\/div>\n\t\t\n\t\t\n<div class=\"wpcf7 no-js\" id=\"wpcf7-f9783-o1\" lang=\"en-US\" dir=\"ltr\" data-wpcf7-id=\"9783\">\n<div class=\"screen-reader-response\"><p role=\"status\" aria-live=\"polite\" aria-atomic=\"true\"><\/p> <ul><\/ul><\/div>\n<form action=\"\/sq\/wp-json\/wp\/v2\/pages\/29#wpcf7-f9783-o1\" method=\"post\" class=\"wpcf7-form init\" aria-label=\"Contact form\" novalidate=\"novalidate\" data-status=\"init\" data-trp-original-action=\"\/sq\/wp-json\/wp\/v2\/pages\/29#wpcf7-f9783-o1\">\n<fieldset class=\"hidden-fields-container\"><input type=\"hidden\" name=\"_wpcf7\" value=\"9783\" \/><input type=\"hidden\" name=\"_wpcf7_version\" value=\"6.1\" \/><input type=\"hidden\" name=\"_wpcf7_locale\" value=\"en_US\" \/><input type=\"hidden\" name=\"_wpcf7_unit_tag\" value=\"wpcf7-f9783-o1\" \/><input type=\"hidden\" name=\"_wpcf7_container_post\" value=\"0\" \/><input type=\"hidden\" name=\"_wpcf7_posted_data_hash\" value=\"\" \/>\n<\/fieldset>\n<div class=\"row\">\n\t<p class=\"col-md-6\"><span class=\"wpcf7-form-control-wrap\" data-name=\"First\"><input size=\"40\" maxlength=\"400\" class=\"wpcf7-form-control wpcf7-text wpcf7-validates-as-required\" aria-required=\"true\" aria-invalid=\"false\" placeholder=\"Emri *\" value=\"\" type=\"text\" name=\"First\" \/><\/span>\n\t<\/p>\n\t<p class=\"col-md-6\"><span class=\"wpcf7-form-control-wrap\" data-name=\"Last\"><input size=\"40\" maxlength=\"400\" class=\"wpcf7-form-control wpcf7-text wpcf7-validates-as-required\" aria-required=\"true\" aria-invalid=\"false\" placeholder=\"Mbiemri *\" value=\"\" type=\"text\" name=\"Last\" \/><\/span>\n\t<\/p>\n<\/div>\n<p><span class=\"wpcf7-form-control-wrap\" data-name=\"your-email\"><input size=\"40\" maxlength=\"400\" class=\"wpcf7-form-control wpcf7-email wpcf7-validates-as-required wpcf7-text wpcf7-validates-as-email\" aria-required=\"true\" aria-invalid=\"false\" placeholder=\"E-Mail *\" value=\"\" type=\"email\" name=\"your-email\" \/><\/span>\n<\/p>\n<p><span class=\"wpcf7-form-control-wrap\" data-name=\"your-subject\"><input size=\"40\" maxlength=\"400\" class=\"wpcf7-form-control wpcf7-text wpcf7-validates-as-required\" aria-required=\"true\" aria-invalid=\"false\" placeholder=\"Subjekti *\" value=\"\" type=\"text\" name=\"your-subject\" \/><\/span>\n<\/p>\n<p><span class=\"wpcf7-form-control-wrap\" data-name=\"your-message\"><textarea cols=\"40\" rows=\"10\" maxlength=\"2000\" class=\"wpcf7-form-control wpcf7-textarea\" aria-invalid=\"false\" placeholder=\"Mesazhi *\" name=\"your-message\"><\/textarea><\/span>\n<\/p>\n<p><input class=\"wpcf7-form-control wpcf7-submit has-spinner btn btn-color-primary btn-style-round\" type=\"submit\" value=\"D\u00cbRGO FORMULARIN\" \/>\n<\/p><div class=\"wpcf7-response-output\" aria-hidden=\"true\"><\/div>\n<input type=\"hidden\" name=\"trp-form-language\" value=\"sq\"\/><\/form>\n<\/div>\n<\/div><\/div><\/div><\/div><\/div><\/div><\/div><div class=\"wpb_column vc_column_container vc_col-sm-12 vc_col-lg-7 vc_col-md-7 wd-rs-64f1d6bcd5522\"><div class=\"vc_column-inner vc_custom_1693570751886\"><div class=\"wpb_wrapper\">\t\t<div id=\"wd-67f544a2b27d0\" class=\"wd-text-block wd-wpb reset-last-child wd-rs-67f544a2b27d0 text-left\">\n\t\t\t<p><iframe loading=\"lazy\" style=\"border: 0;\" src=\"https:\/\/www.google.com\/maps\/embed?pb=!1m18!1m12!1m3!1d3011.178564747736!2d28.794432300000004!3d40.9994647!2m3!1f0!2f0!3f0!3m2!1i1024!2i768!4f13.1!3m3!1m2!1s0x14caa38dc1e45c37%3A0x674540d8fab64b0b!2sMKS%20Ambalaj!5e0!3m2!1str!2str!4v1744126733876!5m2!1str!2str\" width=\"100%\" height=\"800\" allowfullscreen=\"allowfullscreen\"><\/iframe><\/p>\n\t\t<\/div>\n\t\t<\/div><\/div><\/div><\/div>\n<\/div>","protected":false},"excerpt":{"rendered":"Adres Kemalpa\u015fa Mah. \u00d6zt\u00fcrk Sk. No 23\/B K\u00fc\u00e7\u00fck\u00e7ekmece - \u0130stanbul Tel +90 538 405 90 34 Email info@mksambalaj.com \u0130leti\u015fim Formu","protected":false},"author":1,"featured_media":0,"parent":0,"menu_order":0,"comment_status":"closed","ping_status":"closed","template":"","meta":{"footnotes":""},"class_list":["post-29","page","type-page","status-publish","hentry"],"_links":{"self":[{"href":"https:\/\/www.mksambalaj.com\/sq\/wp-json\/wp\/v2\/pages\/29","targetHints":{"allow":["GET"]}}],"collection":[{"href":"https:\/\/www.mksambalaj.com\/sq\/wp-json\/wp\/v2\/pages"}],"about":[{"href":"https:\/\/www.mksambalaj.com\/sq\/wp-json\/wp\/v2\/types\/page"}],"author":[{"embeddable":true,"href":"https:\/\/www.mksambalaj.com\/sq\/wp-json\/wp\/v2\/users\/1"}],"replies":[{"embeddable":true,"href":"https:\/\/www.mksambalaj.com\/sq\/wp-json\/wp\/v2\/comments?post=29"}],"version-history":[{"count":8,"href":"https:\/\/www.mksambalaj.com\/sq\/wp-json\/wp\/v2\/pages\/29\/revisions"}],"predecessor-version":[{"id":10034,"href":"https:\/\/www.mksambalaj.com\/sq\/wp-json\/wp\/v2\/pages\/29\/revisions\/10034"}],"wp:attachment":[{"href":"https:\/\/www.mksambalaj.com\/sq\/wp-json\/wp\/v2\/media?parent=29"}],"curies":[{"name":"wp","href":"https:\/\/api.w.org\/{rel}","templated":true}]}}