{"id":9962,"date":"2025-04-08T20:23:51","date_gmt":"2025-04-08T17:23:51","guid":{"rendered":"https:\/\/mksambalaj.com\/?page_id=9962"},"modified":"2025-04-08T20:27:27","modified_gmt":"2025-04-08T17:27:27","slug":"recycled-geri-donusturulmus-posetler","status":"publish","type":"page","link":"https:\/\/www.mksambalaj.com\/sq\/recycled-geri-donusturulmus-posetler\/","title":{"rendered":"\u00c7anta t\u00eb ricikluara"},"content":{"rendered":"<div class=\"wpb-content-wrapper\"><div class=\"vc_row wpb_row vc_row-fluid\"><div class=\"wpb_column vc_column_container vc_col-sm-12\"><div class=\"vc_column-inner\"><div class=\"wpb_wrapper\">\n\t\t<div id=\"wd-67f55bae6e307\" class=\"title-wrapper wd-wpb set-mb-s reset-last-child  wd-rs-67f55bae6e307 wd-title-color-default wd-title-style-default text-left  wd-underline-colored\">\n\t\t\t\n\t\t\t<div class=\"liner-continer\">\n\t\t\t\t<h4 class=\"woodmart-title-container title  wd-font-weight- wd-fontsize-l\" >Zgjidhje paketimi miq\u00ebsore me mjedisin q\u00eb kontribuojn\u00eb n\u00eb ekonomin\u00eb rrethore.<\/h4>\n\t\t\t\t\t\t\t<\/div>\n\t\t\t\n\t\t\t\n\t\t\t\n\t\t<\/div>\n\t\t\n\t\t<\/div><\/div><\/div><\/div><div class=\"vc_row wpb_row vc_row-fluid\"><div class=\"wpb_column vc_column_container vc_col-sm-12\"><div class=\"vc_column-inner\"><div class=\"wpb_wrapper\">\t\t\t<div class=\"info-box-wrapper\">\n\t\t\t\t<div id=\"wd-67f55bd237ef0\" class=\"wd-rs-67f55bd237ef0 wd-info-box wd-wpb text-left box-icon-align-top box-style- color-scheme- wd-bg-none vc_custom_1744133080709\">\n\t\t\t\t\t\t\t\t\t\t<div class=\"info-box-content\">\n\t\t\t\t\t\t\t\t\t\t\t\t<div class=\"info-box-inner set-cont-mb-s reset-last-child\"><\/p>\n<p class=\"\" data-start=\"898\" data-end=\"1168\">Si Mks Ambalaj, ne e vendosim nd\u00ebrgjegj\u00ebsimin mjedisor n\u00eb qend\u00ebr t\u00eb prodhimit ton\u00eb dhe <strong data-start=\"365\" data-end=\"421\">me \u00e7anta t\u00eb b\u00ebra nga materiale t\u00eb ricikluara<\/strong> Ne kontribuojm\u00eb n\u00eb mbrojtjen e burimeve natyrore. K\u00ebto qese, t\u00eb p\u00ebrftuara nga riciklimi i mbeturinave plastike, mbrojn\u00eb natyr\u00ebn dhe parandalojn\u00eb shp\u00ebrdorimin e burimeve.<\/p>\n<p>\n<\/div>\n\n\t\t\t\t\t\t\t\t\t\t\t<\/div>\n\n\t\t\t\t\t\n\t\t\t\t\t\t\t\t\t<\/div>\n\t\t\t<\/div>\n\t\t<\/div><\/div><\/div><div class=\"wpb_column vc_column_container vc_col-sm-6 vc_col-has-fill wd-rs-67f55856b82c9\"><div class=\"vc_column-inner vc_custom_1744132200569\"><div class=\"wpb_wrapper\">\t\t\t<div class=\"info-box-wrapper\">\n\t\t\t\t<div id=\"wd-67f55c30738a1\" class=\"wd-rs-67f55c30738a1 wd-info-box wd-wpb text-left box-icon-align-top box-style- color-scheme- wd-bg-none vc_custom_1744133212269\">\n\t\t\t\t\t\t\t\t\t\t<div class=\"info-box-content\">\n\t\t\t\t\t\t\t\t\t\t\t\t<div class=\"info-box-inner set-cont-mb-s reset-last-child\"><\/p>\n<p class=\"\" data-start=\"836\" data-end=\"1086\">\u00c7antat tona t\u00eb ricikluara jan\u00eb rezultat i t\u00eb kuptuarit ton\u00eb t\u00eb prodhimit n\u00eb harmoni me natyr\u00ebn, pa b\u00ebr\u00eb kompromis me cil\u00ebsin\u00eb dhe q\u00ebndrueshm\u00ebrin\u00eb. N\u00ebse doni t\u00eb reflektoni nd\u00ebrgjegj\u00ebsimin tuaj mjedisor gjat\u00eb transportit t\u00eb produkteve tuaja, \u00e7antat e ricikluara jan\u00eb zgjedhja ideale p\u00ebr ju.<\/p>\n<p class=\"\" data-start=\"1088\" data-end=\"1207\"><strong data-start=\"1088\" data-end=\"1151\">B\u00ebji nj\u00eb nder natyr\u00ebs, zgjidh t\u00eb riciklosh paketimin t\u00ebnd.<br \/>\n<\/strong><br data-start=\"1151\" data-end=\"1154\" \/><strong><u>Mks Ambalaj \u2013 Prodhim i p\u00ebrgjegjsh\u00ebm, e ardhme e q\u00ebndrueshme.<\/u><\/strong><\/p>\n<p>\n<\/div>\n\n\t\t\t\t\t\t\t\t\t\t\t<\/div>\n\n\t\t\t\t\t\n\t\t\t\t\t\t\t\t\t<\/div>\n\t\t\t<\/div>\n\t\t<\/div><\/div><\/div><div class=\"wpb_column vc_column_container vc_col-sm-6 vc_col-has-fill wd-rs-67f558f2e1fa7\"><div class=\"vc_column-inner vc_custom_1744132346249\"><div class=\"wpb_wrapper\">\t\t\t<div class=\"info-box-wrapper\">\n\t\t\t\t<div id=\"wd-67f55c707b64c\" class=\"wd-rs-67f55c707b64c wd-info-box wd-wpb text-left box-icon-align-top box-style- color-scheme- wd-bg-none vc_custom_1744133244704\">\n\t\t\t\t\t\t\t\t\t\t<div class=\"info-box-content\">\n\t\t\t\t\t\t\t\t\t\t\t\t<div class=\"info-box-inner set-cont-mb-s reset-last-child\"><\/p>\n<p class=\"\" data-start=\"581\" data-end=\"639\"><strong data-start=\"581\" data-end=\"637\">P\u00ebrpar\u00ebsit\u00eb e dukshme t\u00eb \u00e7antave t\u00eb ricikluara:<\/strong><\/p>\n<ul data-start=\"640\" data-end=\"834\">\n<li class=\"\" data-start=\"640\" data-end=\"675\">\n<p class=\"\" data-start=\"642\" data-end=\"675\">Zvog\u00eblon konsumin e burimeve natyrore<\/p>\n<\/li>\n<li class=\"\" data-start=\"676\" data-end=\"733\">\n<p class=\"\" data-start=\"678\" data-end=\"733\">Zvog\u00eblon sasin\u00eb e mbeturinave, minimizon ndikimin n\u00eb mjedis<\/p>\n<\/li>\n<li class=\"\" data-start=\"734\" data-end=\"780\">\n<p class=\"\" data-start=\"736\" data-end=\"780\">Forcon imazhin e q\u00ebndruesh\u00ebm t\u00eb mark\u00ebs suaj<\/p>\n<\/li>\n<li class=\"\" data-start=\"781\" data-end=\"834\">\n<p class=\"\" data-start=\"783\" data-end=\"834\">Ofron alternativa paketimi ekonomike dhe miq\u00ebsore me mjedisin<\/p>\n<\/li>\n<\/ul>\n<p>\n<\/div>\n\n\t\t\t\t\t\t\t\t\t\t\t<\/div>\n\n\t\t\t\t\t\n\t\t\t\t\t\t\t\t\t<\/div>\n\t\t\t<\/div>\n\t\t<\/div><\/div><\/div><\/div><div class=\"vc_row wpb_row vc_row-fluid\"><div class=\"wpb_column vc_column_container vc_col-sm-12\"><div class=\"vc_column-inner\"><div class=\"wpb_wrapper\"><div class=\"vc_empty_space\"   style=\"height: 32px\"><span class=\"vc_empty_space_inner\"><\/span><\/div>\t\t\t<div class=\"wd-products-element wd-rs-67f5553662ef7 wd-wpb\">\n\t\t\t\n\t\t\n\t\t\t\t\t<div class=\"products wd-products  grid-columns-3 elements-grid wd-grid-g wd-stretch-cont-lg\" data-paged=\"1\" data-atts=\"{&quot;taxonomies&quot;:&quot;118&quot;,&quot;woodmart_css_id&quot;:&quot;67f5553662ef7&quot;}\" data-source=\"shortcode\" data-columns=\"3\" data-grid-gallery=\"\" style=\"--wd-col-lg:3;--wd-col-md:3;--wd-col-sm:2;--wd-gap-lg:20px;\">\n\t\t\t<div class=\"wd-product wd-hover-buttons-on-hover wd-col product-grid-item product type-product post-9924 status-publish instock product_cat-biodegradable product_cat-compostable product_cat-pe product_cat-pp has-post-thumbnail shipping-taxable product-type-external\" data-loop=\"1\" data-id=\"9924\">\n\t\n\t\n<div class=\"product-wrapper\">\n\t<div class=\"product-element-top wd-quick-shop\">\n\t\t<a href=\"https:\/\/www.mksambalaj.com\/sq\/produkt\/atlet-posetler\/\" class=\"product-image-link\">\n\t\t\t<img loading=\"lazy\" decoding=\"async\" width=\"600\" height=\"686\" src=\"https:\/\/www.mksambalaj.com\/wp-content\/uploads\/2025\/04\/atlet-poset-2-600x686.webp\" class=\"attachment-woocommerce_thumbnail size-woocommerce_thumbnail\" alt=\"\" srcset=\"https:\/\/www.mksambalaj.com\/wp-content\/uploads\/2025\/04\/atlet-poset-2-600x686.webp 600w, https:\/\/www.mksambalaj.com\/wp-content\/uploads\/2025\/04\/atlet-poset-2-263x300.webp 263w, https:\/\/www.mksambalaj.com\/wp-content\/uploads\/2025\/04\/atlet-poset-2-11x12.webp 11w, https:\/\/www.mksambalaj.com\/wp-content\/uploads\/2025\/04\/atlet-poset-2-150x171.webp 150w, https:\/\/www.mksambalaj.com\/wp-content\/uploads\/2025\/04\/atlet-poset-2.webp 700w\" sizes=\"auto, (max-width: 600px) 100vw, 600px\" \/>\t\t<\/a>\n\n\t\t\n\t\t<div class=\"wd-buttons wd-pos-r-t\">\n\t\t\t\t\t<\/div>\n\t<\/div>\n\n\t<div class=\"product-element-bottom\">\n\n\t\t<div class=\"wd-product-header\">\n\t\t\t<h3 class=\"wd-entities-title\"><a href=\"https:\/\/www.mksambalaj.com\/sq\/produkt\/atlet-posetler\/\">\u00c7anta p\u00ebr bluza<\/a><\/h3>\n\t\t\t\t\t<\/div>\n\n\t\t\n\t\t\t\t<div class=\"wd-product-cats\">\n\t\t\t<a href=\"https:\/\/www.mksambalaj.com\/sq\/kategori-produkti\/biodegradable\/\" rel=\"tag\">Biodegraduesh\u00ebm<\/a>, <a href=\"https:\/\/www.mksambalaj.com\/sq\/kategori-produkti\/compostable\/\" rel=\"tag\">Kompostuesh\u00ebm<\/a>, <a href=\"https:\/\/www.mksambalaj.com\/sq\/kategori-produkti\/pe\/\" rel=\"tag\">PE<\/a>, <a href=\"https:\/\/www.mksambalaj.com\/sq\/kategori-produkti\/pp\/\" rel=\"tag\">PP<\/a>\t\t<\/div>\n\t\t\n\t\t\n\t\t<div class=\"wrap-price\">\n\t\t\t\n\n\t\t\t\t\t<\/div>\n\n\t\t\n\t\t\n\t\t\n\t\t\n\t\t<div class=\"wd-product-footer\">\n\t\t\t<div class=\"wd-add-btn wd-add-btn-replace\">\n\t\t\t\t<a href=\"#link\" data-quantity=\"1\" class=\"button product_type_external add-to-cart-loop\" data-product_id=\"9924\" data-product_sku=\"MKS-FP-1-1-1-1\" aria-label=\"FORMULAR K\u00cbRKESE\" rel=\"nofollow\"><span>FORMULAR K\u00cbRKESE<\/span><\/a>\t\t\t<\/div>\n\n\t\t\t\t\t\t<div class=\"wd-action-buttons\">\n\t\t\t\t\t\t\t\t\t\t<div class=\"quick-view wd-action-btn wd-style-icon wd-quick-view-icon wd-tooltip\">\n\t\t\t<a\n\t\t\t\thref=\"https:\/\/www.mksambalaj.com\/sq\/produkt\/atlet-posetler\/\"\n\t\t\t\tclass=\"open-quick-view quick-view-button\"\n\t\t\t\trel=\"nofollow\"\n\t\t\t\tdata-id=\"9924\"\n\t\t\t\t>Quick view<\/a>\n\t\t<\/div>\n\t\t\t\t\t<\/div>\n\t\t\t\t\t<\/div>\n\t<\/div>\n<\/div>\n<\/div>\n<div class=\"wd-product wd-hover-buttons-on-hover wd-col product-grid-item product type-product post-9915 status-publish instock product_cat-biodegradable product_cat-compostable product_cat-pe product_cat-pp has-post-thumbnail shipping-taxable product-type-external\" data-loop=\"2\" data-id=\"9915\">\n\t\n\t\n<div class=\"product-wrapper\">\n\t<div class=\"product-element-top wd-quick-shop\">\n\t\t<a href=\"https:\/\/www.mksambalaj.com\/sq\/produkt\/el-gecme-posetleri\/\" class=\"product-image-link\">\n\t\t\t<img loading=\"lazy\" decoding=\"async\" width=\"600\" height=\"686\" src=\"https:\/\/www.mksambalaj.com\/wp-content\/uploads\/2025\/04\/el-gecmeli-posetler-600x686.webp\" class=\"attachment-woocommerce_thumbnail size-woocommerce_thumbnail\" alt=\"\" srcset=\"https:\/\/www.mksambalaj.com\/wp-content\/uploads\/2025\/04\/el-gecmeli-posetler-600x686.webp 600w, https:\/\/www.mksambalaj.com\/wp-content\/uploads\/2025\/04\/el-gecmeli-posetler-263x300.webp 263w, https:\/\/www.mksambalaj.com\/wp-content\/uploads\/2025\/04\/el-gecmeli-posetler-11x12.webp 11w, https:\/\/www.mksambalaj.com\/wp-content\/uploads\/2025\/04\/el-gecmeli-posetler-150x171.webp 150w, https:\/\/www.mksambalaj.com\/wp-content\/uploads\/2025\/04\/el-gecmeli-posetler.webp 700w\" sizes=\"auto, (max-width: 600px) 100vw, 600px\" \/>\t\t<\/a>\n\n\t\t\n\t\t<div class=\"wd-buttons wd-pos-r-t\">\n\t\t\t\t\t<\/div>\n\t<\/div>\n\n\t<div class=\"product-element-bottom\">\n\n\t\t<div class=\"wd-product-header\">\n\t\t\t<h3 class=\"wd-entities-title\"><a href=\"https:\/\/www.mksambalaj.com\/sq\/produkt\/el-gecme-posetleri\/\">\u00c7anta dore<\/a><\/h3>\n\t\t\t\t\t<\/div>\n\n\t\t\n\t\t\t\t<div class=\"wd-product-cats\">\n\t\t\t<a href=\"https:\/\/www.mksambalaj.com\/sq\/kategori-produkti\/biodegradable\/\" rel=\"tag\">Biodegraduesh\u00ebm<\/a>, <a href=\"https:\/\/www.mksambalaj.com\/sq\/kategori-produkti\/compostable\/\" rel=\"tag\">Kompostuesh\u00ebm<\/a>, <a href=\"https:\/\/www.mksambalaj.com\/sq\/kategori-produkti\/pe\/\" rel=\"tag\">PE<\/a>, <a href=\"https:\/\/www.mksambalaj.com\/sq\/kategori-produkti\/pp\/\" rel=\"tag\">PP<\/a>\t\t<\/div>\n\t\t\n\t\t\n\t\t<div class=\"wrap-price\">\n\t\t\t\n\n\t\t\t\t\t<\/div>\n\n\t\t\n\t\t\n\t\t\n\t\t\n\t\t<div class=\"wd-product-footer\">\n\t\t\t<div class=\"wd-add-btn wd-add-btn-replace\">\n\t\t\t\t<a href=\"#link\" data-quantity=\"1\" class=\"button product_type_external add-to-cart-loop\" data-product_id=\"9915\" data-product_sku=\"MKS-FP-1-1\" aria-label=\"FORMULAR K\u00cbRKESE\" rel=\"nofollow\"><span>FORMULAR K\u00cbRKESE<\/span><\/a>\t\t\t<\/div>\n\n\t\t\t\t\t\t<div class=\"wd-action-buttons\">\n\t\t\t\t\t\t\t\t\t\t<div class=\"quick-view wd-action-btn wd-style-icon wd-quick-view-icon wd-tooltip\">\n\t\t\t<a\n\t\t\t\thref=\"https:\/\/www.mksambalaj.com\/sq\/produkt\/el-gecme-posetleri\/\"\n\t\t\t\tclass=\"open-quick-view quick-view-button\"\n\t\t\t\trel=\"nofollow\"\n\t\t\t\tdata-id=\"9915\"\n\t\t\t\t>Quick view<\/a>\n\t\t<\/div>\n\t\t\t\t\t<\/div>\n\t\t\t\t\t<\/div>\n\t<\/div>\n<\/div>\n<\/div>\n<div class=\"wd-product wd-hover-buttons-on-hover wd-col product-grid-item product type-product post-524 status-publish last instock product_cat-biodegradable product_cat-compostable product_cat-pe product_cat-pp has-post-thumbnail shipping-taxable product-type-external\" data-loop=\"3\" data-id=\"524\">\n\t\n\t\n<div class=\"product-wrapper\">\n\t<div class=\"product-element-top wd-quick-shop\">\n\t\t<a href=\"https:\/\/www.mksambalaj.com\/sq\/produkt\/fermuarli-posetler\/\" class=\"product-image-link\">\n\t\t\t<img loading=\"lazy\" decoding=\"async\" width=\"600\" height=\"686\" src=\"https:\/\/www.mksambalaj.com\/wp-content\/uploads\/2024\/03\/kilitli_poset-600x686.webp\" class=\"attachment-woocommerce_thumbnail size-woocommerce_thumbnail\" alt=\"\" srcset=\"https:\/\/www.mksambalaj.com\/wp-content\/uploads\/2024\/03\/kilitli_poset-600x686.webp 600w, https:\/\/www.mksambalaj.com\/wp-content\/uploads\/2024\/03\/kilitli_poset-263x300.webp 263w, https:\/\/www.mksambalaj.com\/wp-content\/uploads\/2024\/03\/kilitli_poset-11x12.webp 11w, https:\/\/www.mksambalaj.com\/wp-content\/uploads\/2024\/03\/kilitli_poset-150x171.webp 150w, https:\/\/www.mksambalaj.com\/wp-content\/uploads\/2024\/03\/kilitli_poset.webp 700w\" sizes=\"auto, (max-width: 600px) 100vw, 600px\" \/>\t\t<\/a>\n\n\t\t\n\t\t<div class=\"wd-buttons wd-pos-r-t\">\n\t\t\t\t\t<\/div>\n\t<\/div>\n\n\t<div class=\"product-element-bottom\">\n\n\t\t<div class=\"wd-product-header\">\n\t\t\t<h3 class=\"wd-entities-title\"><a href=\"https:\/\/www.mksambalaj.com\/sq\/produkt\/fermuarli-posetler\/\">\u00c7anta me zinxhir<\/a><\/h3>\n\t\t\t\t\t<\/div>\n\n\t\t\n\t\t\t\t<div class=\"wd-product-cats\">\n\t\t\t<a href=\"https:\/\/www.mksambalaj.com\/sq\/kategori-produkti\/biodegradable\/\" rel=\"tag\">Biodegraduesh\u00ebm<\/a>, <a href=\"https:\/\/www.mksambalaj.com\/sq\/kategori-produkti\/compostable\/\" rel=\"tag\">Kompostuesh\u00ebm<\/a>, <a href=\"https:\/\/www.mksambalaj.com\/sq\/kategori-produkti\/pe\/\" rel=\"tag\">PE<\/a>, <a href=\"https:\/\/www.mksambalaj.com\/sq\/kategori-produkti\/pp\/\" rel=\"tag\">PP<\/a>\t\t<\/div>\n\t\t\n\t\t\n\t\t<div class=\"wrap-price\">\n\t\t\t\n\n\t\t\t\t\t<\/div>\n\n\t\t\n\t\t\n\t\t\n\t\t\n\t\t<div class=\"wd-product-footer\">\n\t\t\t<div class=\"wd-add-btn wd-add-btn-replace\">\n\t\t\t\t<a href=\"#link\" data-quantity=\"1\" class=\"button product_type_external add-to-cart-loop\" data-product_id=\"524\" data-product_sku=\"MKS-FP\" aria-label=\"FORMULAR K\u00cbRKESE\" rel=\"nofollow\"><span>FORMULAR K\u00cbRKESE<\/span><\/a>\t\t\t<\/div>\n\n\t\t\t\t\t\t<div class=\"wd-action-buttons\">\n\t\t\t\t\t\t\t\t\t\t<div class=\"quick-view wd-action-btn wd-style-icon wd-quick-view-icon wd-tooltip\">\n\t\t\t<a\n\t\t\t\thref=\"https:\/\/www.mksambalaj.com\/sq\/produkt\/fermuarli-posetler\/\"\n\t\t\t\tclass=\"open-quick-view quick-view-button\"\n\t\t\t\trel=\"nofollow\"\n\t\t\t\tdata-id=\"524\"\n\t\t\t\t>Quick view<\/a>\n\t\t<\/div>\n\t\t\t\t\t<\/div>\n\t\t\t\t\t<\/div>\n\t<\/div>\n<\/div>\n<\/div>\n<div class=\"wd-product wd-hover-buttons-on-hover wd-col product-grid-item product type-product post-9910 status-publish first instock product_cat-biodegradable product_cat-compostable product_cat-pe product_cat-pp has-post-thumbnail shipping-taxable product-type-external\" data-loop=\"4\" data-id=\"9910\">\n\t\n\t\n<div class=\"product-wrapper\">\n\t<div class=\"product-element-top wd-quick-shop\">\n\t\t<a href=\"https:\/\/www.mksambalaj.com\/sq\/produkt\/kilitli-posetler\/\" class=\"product-image-link\">\n\t\t\t<img loading=\"lazy\" decoding=\"async\" width=\"600\" height=\"686\" src=\"https:\/\/www.mksambalaj.com\/wp-content\/uploads\/2025\/04\/fermuarliposet-600x686.webp\" class=\"attachment-woocommerce_thumbnail size-woocommerce_thumbnail\" alt=\"\" srcset=\"https:\/\/www.mksambalaj.com\/wp-content\/uploads\/2025\/04\/fermuarliposet-600x686.webp 600w, https:\/\/www.mksambalaj.com\/wp-content\/uploads\/2025\/04\/fermuarliposet-263x300.webp 263w, https:\/\/www.mksambalaj.com\/wp-content\/uploads\/2025\/04\/fermuarliposet-11x12.webp 11w, https:\/\/www.mksambalaj.com\/wp-content\/uploads\/2025\/04\/fermuarliposet-150x171.webp 150w, https:\/\/www.mksambalaj.com\/wp-content\/uploads\/2025\/04\/fermuarliposet.webp 700w\" sizes=\"auto, (max-width: 600px) 100vw, 600px\" \/>\t\t<\/a>\n\n\t\t\n\t\t<div class=\"wd-buttons wd-pos-r-t\">\n\t\t\t\t\t<\/div>\n\t<\/div>\n\n\t<div class=\"product-element-bottom\">\n\n\t\t<div class=\"wd-product-header\">\n\t\t\t<h3 class=\"wd-entities-title\"><a href=\"https:\/\/www.mksambalaj.com\/sq\/produkt\/kilitli-posetler\/\">\u00c7anta me ziplock<\/a><\/h3>\n\t\t\t\t\t<\/div>\n\n\t\t\n\t\t\t\t<div class=\"wd-product-cats\">\n\t\t\t<a href=\"https:\/\/www.mksambalaj.com\/sq\/kategori-produkti\/biodegradable\/\" rel=\"tag\">Biodegraduesh\u00ebm<\/a>, <a href=\"https:\/\/www.mksambalaj.com\/sq\/kategori-produkti\/compostable\/\" rel=\"tag\">Kompostuesh\u00ebm<\/a>, <a href=\"https:\/\/www.mksambalaj.com\/sq\/kategori-produkti\/pe\/\" rel=\"tag\">PE<\/a>, <a href=\"https:\/\/www.mksambalaj.com\/sq\/kategori-produkti\/pp\/\" rel=\"tag\">PP<\/a>\t\t<\/div>\n\t\t\n\t\t\n\t\t<div class=\"wrap-price\">\n\t\t\t\n\n\t\t\t\t\t<\/div>\n\n\t\t\n\t\t\n\t\t\n\t\t\n\t\t<div class=\"wd-product-footer\">\n\t\t\t<div class=\"wd-add-btn wd-add-btn-replace\">\n\t\t\t\t<a href=\"#link\" data-quantity=\"1\" class=\"button product_type_external add-to-cart-loop\" data-product_id=\"9910\" data-product_sku=\"MKS-FP-1\" aria-label=\"FORMULAR K\u00cbRKESE\" rel=\"nofollow\"><span>FORMULAR K\u00cbRKESE<\/span><\/a>\t\t\t<\/div>\n\n\t\t\t\t\t\t<div class=\"wd-action-buttons\">\n\t\t\t\t\t\t\t\t\t\t<div class=\"quick-view wd-action-btn wd-style-icon wd-quick-view-icon wd-tooltip\">\n\t\t\t<a\n\t\t\t\thref=\"https:\/\/www.mksambalaj.com\/sq\/produkt\/kilitli-posetler\/\"\n\t\t\t\tclass=\"open-quick-view quick-view-button\"\n\t\t\t\trel=\"nofollow\"\n\t\t\t\tdata-id=\"9910\"\n\t\t\t\t>Quick view<\/a>\n\t\t<\/div>\n\t\t\t\t\t<\/div>\n\t\t\t\t\t<\/div>\n\t<\/div>\n<\/div>\n<\/div>\n<div class=\"wd-product wd-hover-buttons-on-hover wd-col product-grid-item product type-product post-9921 status-publish instock product_cat-biodegradable product_cat-compostable product_cat-pe product_cat-pp has-post-thumbnail shipping-taxable product-type-external\" data-loop=\"5\" data-id=\"9921\">\n\t\n\t\n<div class=\"product-wrapper\">\n\t<div class=\"product-element-top wd-quick-shop\">\n\t\t<a href=\"https:\/\/www.mksambalaj.com\/sq\/produkt\/kulplu-posetler\/\" class=\"product-image-link\">\n\t\t\t<img loading=\"lazy\" decoding=\"async\" width=\"600\" height=\"686\" src=\"https:\/\/www.mksambalaj.com\/wp-content\/uploads\/2025\/04\/kuilplu-posetler-600x686.webp\" class=\"attachment-woocommerce_thumbnail size-woocommerce_thumbnail\" alt=\"\" srcset=\"https:\/\/www.mksambalaj.com\/wp-content\/uploads\/2025\/04\/kuilplu-posetler-600x686.webp 600w, https:\/\/www.mksambalaj.com\/wp-content\/uploads\/2025\/04\/kuilplu-posetler-263x300.webp 263w, https:\/\/www.mksambalaj.com\/wp-content\/uploads\/2025\/04\/kuilplu-posetler-11x12.webp 11w, https:\/\/www.mksambalaj.com\/wp-content\/uploads\/2025\/04\/kuilplu-posetler-150x171.webp 150w, https:\/\/www.mksambalaj.com\/wp-content\/uploads\/2025\/04\/kuilplu-posetler.webp 700w\" sizes=\"auto, (max-width: 600px) 100vw, 600px\" \/>\t\t<\/a>\n\n\t\t\n\t\t<div class=\"wd-buttons wd-pos-r-t\">\n\t\t\t\t\t<\/div>\n\t<\/div>\n\n\t<div class=\"product-element-bottom\">\n\n\t\t<div class=\"wd-product-header\">\n\t\t\t<h3 class=\"wd-entities-title\"><a href=\"https:\/\/www.mksambalaj.com\/sq\/produkt\/kulplu-posetler\/\">\u00c7anta me dorez\u00eb<\/a><\/h3>\n\t\t\t\t\t<\/div>\n\n\t\t\n\t\t\t\t<div class=\"wd-product-cats\">\n\t\t\t<a href=\"https:\/\/www.mksambalaj.com\/sq\/kategori-produkti\/biodegradable\/\" rel=\"tag\">Biodegraduesh\u00ebm<\/a>, <a href=\"https:\/\/www.mksambalaj.com\/sq\/kategori-produkti\/compostable\/\" rel=\"tag\">Kompostuesh\u00ebm<\/a>, <a href=\"https:\/\/www.mksambalaj.com\/sq\/kategori-produkti\/pe\/\" rel=\"tag\">PE<\/a>, <a href=\"https:\/\/www.mksambalaj.com\/sq\/kategori-produkti\/pp\/\" rel=\"tag\">PP<\/a>\t\t<\/div>\n\t\t\n\t\t\n\t\t<div class=\"wrap-price\">\n\t\t\t\n\n\t\t\t\t\t<\/div>\n\n\t\t\n\t\t\n\t\t\n\t\t\n\t\t<div class=\"wd-product-footer\">\n\t\t\t<div class=\"wd-add-btn wd-add-btn-replace\">\n\t\t\t\t<a href=\"#link\" data-quantity=\"1\" class=\"button product_type_external add-to-cart-loop\" data-product_id=\"9921\" data-product_sku=\"MKS-FP-1-1-1\" aria-label=\"FORMULAR K\u00cbRKESE\" rel=\"nofollow\"><span>FORMULAR K\u00cbRKESE<\/span><\/a>\t\t\t<\/div>\n\n\t\t\t\t\t\t<div class=\"wd-action-buttons\">\n\t\t\t\t\t\t\t\t\t\t<div class=\"quick-view wd-action-btn wd-style-icon wd-quick-view-icon wd-tooltip\">\n\t\t\t<a\n\t\t\t\thref=\"https:\/\/www.mksambalaj.com\/sq\/produkt\/kulplu-posetler\/\"\n\t\t\t\tclass=\"open-quick-view quick-view-button\"\n\t\t\t\trel=\"nofollow\"\n\t\t\t\tdata-id=\"9921\"\n\t\t\t\t>Quick view<\/a>\n\t\t<\/div>\n\t\t\t\t\t<\/div>\n\t\t\t\t\t<\/div>\n\t<\/div>\n<\/div>\n<\/div>\n<div class=\"wd-product wd-hover-buttons-on-hover wd-col product-grid-item product type-product post-9926 status-publish instock product_cat-biodegradable product_cat-compostable product_cat-pe product_cat-pp has-post-thumbnail shipping-taxable product-type-external\" data-loop=\"6\" data-id=\"9926\">\n\t\n\t\n<div class=\"product-wrapper\">\n\t<div class=\"product-element-top wd-quick-shop\">\n\t\t<a href=\"https:\/\/www.mksambalaj.com\/sq\/produkt\/takviyeli-posetler\/\" class=\"product-image-link\">\n\t\t\t<img loading=\"lazy\" decoding=\"async\" width=\"600\" height=\"686\" src=\"https:\/\/www.mksambalaj.com\/wp-content\/uploads\/2025\/04\/takviyeli-poset-600x686.webp\" class=\"attachment-woocommerce_thumbnail size-woocommerce_thumbnail\" alt=\"Bio Bozunur (Bio-Degradable) Po\u015fetler\" srcset=\"https:\/\/www.mksambalaj.com\/wp-content\/uploads\/2025\/04\/takviyeli-poset-600x686.webp 600w, https:\/\/www.mksambalaj.com\/wp-content\/uploads\/2025\/04\/takviyeli-poset-263x300.webp 263w, https:\/\/www.mksambalaj.com\/wp-content\/uploads\/2025\/04\/takviyeli-poset-11x12.webp 11w, https:\/\/www.mksambalaj.com\/wp-content\/uploads\/2025\/04\/takviyeli-poset-150x171.webp 150w, https:\/\/www.mksambalaj.com\/wp-content\/uploads\/2025\/04\/takviyeli-poset.webp 700w\" sizes=\"auto, (max-width: 600px) 100vw, 600px\" \/>\t\t<\/a>\n\n\t\t\n\t\t<div class=\"wd-buttons wd-pos-r-t\">\n\t\t\t\t\t<\/div>\n\t<\/div>\n\n\t<div class=\"product-element-bottom\">\n\n\t\t<div class=\"wd-product-header\">\n\t\t\t<h3 class=\"wd-entities-title\"><a href=\"https:\/\/www.mksambalaj.com\/sq\/produkt\/takviyeli-posetler\/\">\u00c7anta t\u00eb p\u00ebrforcuara<\/a><\/h3>\n\t\t\t\t\t<\/div>\n\n\t\t\n\t\t\t\t<div class=\"wd-product-cats\">\n\t\t\t<a href=\"https:\/\/www.mksambalaj.com\/sq\/kategori-produkti\/biodegradable\/\" rel=\"tag\">Biodegraduesh\u00ebm<\/a>, <a href=\"https:\/\/www.mksambalaj.com\/sq\/kategori-produkti\/compostable\/\" rel=\"tag\">Kompostuesh\u00ebm<\/a>, <a href=\"https:\/\/www.mksambalaj.com\/sq\/kategori-produkti\/pe\/\" rel=\"tag\">PE<\/a>, <a href=\"https:\/\/www.mksambalaj.com\/sq\/kategori-produkti\/pp\/\" rel=\"tag\">PP<\/a>\t\t<\/div>\n\t\t\n\t\t\n\t\t<div class=\"wrap-price\">\n\t\t\t\n\n\t\t\t\t\t<\/div>\n\n\t\t\n\t\t\n\t\t\n\t\t\n\t\t<div class=\"wd-product-footer\">\n\t\t\t<div class=\"wd-add-btn wd-add-btn-replace\">\n\t\t\t\t<a href=\"#link\" data-quantity=\"1\" class=\"button product_type_external add-to-cart-loop\" data-product_id=\"9926\" data-product_sku=\"MKS-FP-1-1-1-1-1\" aria-label=\"FORMULAR K\u00cbRKESE\" rel=\"nofollow\"><span>FORMULAR K\u00cbRKESE<\/span><\/a>\t\t\t<\/div>\n\n\t\t\t\t\t\t<div class=\"wd-action-buttons\">\n\t\t\t\t\t\t\t\t\t\t<div class=\"quick-view wd-action-btn wd-style-icon wd-quick-view-icon wd-tooltip\">\n\t\t\t<a\n\t\t\t\thref=\"https:\/\/www.mksambalaj.com\/sq\/produkt\/takviyeli-posetler\/\"\n\t\t\t\tclass=\"open-quick-view quick-view-button\"\n\t\t\t\trel=\"nofollow\"\n\t\t\t\tdata-id=\"9926\"\n\t\t\t\t>Quick view<\/a>\n\t\t<\/div>\n\t\t\t\t\t<\/div>\n\t\t\t\t\t<\/div>\n\t<\/div>\n<\/div>\n<\/div>\n\t\t\t<\/div>\n\t\t\t<\/div><\/div><\/div><\/div><\/div>\n<\/div>","protected":false},"excerpt":{"rendered":"","protected":false},"author":1,"featured_media":0,"parent":0,"menu_order":0,"comment_status":"closed","ping_status":"closed","template":"","meta":{"footnotes":""},"class_list":["post-9962","page","type-page","status-publish","hentry"],"_links":{"self":[{"href":"https:\/\/www.mksambalaj.com\/sq\/wp-json\/wp\/v2\/pages\/9962","targetHints":{"allow":["GET"]}}],"collection":[{"href":"https:\/\/www.mksambalaj.com\/sq\/wp-json\/wp\/v2\/pages"}],"about":[{"href":"https:\/\/www.mksambalaj.com\/sq\/wp-json\/wp\/v2\/types\/page"}],"author":[{"embeddable":true,"href":"https:\/\/www.mksambalaj.com\/sq\/wp-json\/wp\/v2\/users\/1"}],"replies":[{"embeddable":true,"href":"https:\/\/www.mksambalaj.com\/sq\/wp-json\/wp\/v2\/comments?post=9962"}],"version-history":[{"count":5,"href":"https:\/\/www.mksambalaj.com\/sq\/wp-json\/wp\/v2\/pages\/9962\/revisions"}],"predecessor-version":[{"id":9967,"href":"https:\/\/www.mksambalaj.com\/sq\/wp-json\/wp\/v2\/pages\/9962\/revisions\/9967"}],"wp:attachment":[{"href":"https:\/\/www.mksambalaj.com\/sq\/wp-json\/wp\/v2\/media?parent=9962"}],"curies":[{"name":"wp","href":"https:\/\/api.w.org\/{rel}","templated":true}]}}