{"id":524,"date":"2024-03-28T13:10:31","date_gmt":"2024-03-28T13:10:31","guid":{"rendered":"https:\/\/dummy.xtemos.com\/woodmart2\/pills\/?post_type=product&#038;p=524"},"modified":"2025-04-08T09:37:27","modified_gmt":"2025-04-08T06:37:27","slug":"fermuarli-posetler","status":"publish","type":"product","link":"https:\/\/www.mksambalaj.com\/sq\/produkt\/fermuarli-posetler\/","title":{"rendered":"\u00c7anta me zinxhir"},"content":{"rendered":"","protected":false},"excerpt":{"rendered":"<table border=\"0\">\n<tbody>\n<tr>\n<td>Materiali<\/td>\n<td>: PE, PP, Biodegradable, Compostable<\/td>\n<\/tr>\n<tr>\n<td>Shtypje<\/td>\n<td>: Printimi mund t\u00eb b\u00ebhet me Flexo Printing n\u00eb deri n\u00eb 8 ngjyra.<\/td>\n<\/tr>\n<tr>\n<td>P\u00ebrmasat<\/td>\n<td>: Mund t\u00eb b\u00ebhet sipas k\u00ebrkes\u00ebs s\u00eb klientit, materialit dhe dimensioneve t\u00eb mykut.<\/td>\n<\/tr>\n<tr>\n<td>Porosia Minimale<\/td>\n<td>: Madh\u00ebsia mund t\u00eb ndryshoj\u00eb n\u00eb var\u00ebsi t\u00eb materialit dhe trash\u00ebsis\u00eb.<\/td>\n<\/tr>\n<\/tbody>\n<\/table>\n<p><strong>Mund t\u00eb d\u00ebrgoni porosin\u00eb ose k\u00ebrkes\u00ebn tuaj p\u00ebr \u00e7mim nga butoni m\u00eb posht\u00eb.<\/strong><\/p>","protected":false},"featured_media":9906,"comment_status":"open","ping_status":"closed","template":"","meta":[],"product_brand":[],"product_cat":[117,118,115,116],"product_tag":[],"class_list":{"0":"post-524","1":"product","2":"type-product","3":"status-publish","4":"has-post-thumbnail","6":"product_cat-biodegradable","7":"product_cat-compostable","8":"product_cat-pe","9":"product_cat-pp","11":"first","12":"instock","13":"shipping-taxable","14":"product-type-external"},"_links":{"self":[{"href":"https:\/\/www.mksambalaj.com\/sq\/wp-json\/wp\/v2\/product\/524","targetHints":{"allow":["GET"]}}],"collection":[{"href":"https:\/\/www.mksambalaj.com\/sq\/wp-json\/wp\/v2\/product"}],"about":[{"href":"https:\/\/www.mksambalaj.com\/sq\/wp-json\/wp\/v2\/types\/product"}],"replies":[{"embeddable":true,"href":"https:\/\/www.mksambalaj.com\/sq\/wp-json\/wp\/v2\/comments?post=524"}],"wp:featuredmedia":[{"embeddable":true,"href":"https:\/\/www.mksambalaj.com\/sq\/wp-json\/wp\/v2\/media\/9906"}],"wp:attachment":[{"href":"https:\/\/www.mksambalaj.com\/sq\/wp-json\/wp\/v2\/media?parent=524"}],"wp:term":[{"taxonomy":"product_brand","embeddable":true,"href":"https:\/\/www.mksambalaj.com\/sq\/wp-json\/wp\/v2\/product_brand?post=524"},{"taxonomy":"product_cat","embeddable":true,"href":"https:\/\/www.mksambalaj.com\/sq\/wp-json\/wp\/v2\/product_cat?post=524"},{"taxonomy":"product_tag","embeddable":true,"href":"https:\/\/www.mksambalaj.com\/sq\/wp-json\/wp\/v2\/product_tag?post=524"}],"curies":[{"name":"wp","href":"https:\/\/api.w.org\/{rel}","templated":true}]}}